{"id":2474,"date":"2025-04-30T07:45:29","date_gmt":"2025-04-30T07:45:29","guid":{"rendered":"https:\/\/claireducressonboet.com\/?page_id=2474"},"modified":"2025-05-03T11:19:04","modified_gmt":"2025-05-03T11:19:04","slug":"padeu-dans-la-plantation","status":"publish","type":"page","link":"https:\/\/claireducressonboet.com\/en\/padeu-dans-la-plantation\/","title":{"rendered":"Padeu &#8211; Dans la Plantation"},"content":{"rendered":"<div data-elementor-type=\"wp-page\" data-elementor-id=\"2474\" class=\"elementor elementor-2474\">\n\t\t\t\t<div class=\"elementor-element elementor-element-45bfa74 e-flex e-con-boxed e-con e-parent\" data-id=\"45bfa74\" data-element_type=\"container\">\n\t\t\t\t\t<div class=\"e-con-inner\">\n\t\t<div class=\"elementor-element elementor-element-44e76d2 e-con-full e-flex e-con e-child\" data-id=\"44e76d2\" data-element_type=\"container\">\n\t\t\t\t<div class=\"elementor-element elementor-element-903fdd7 elementor-widget elementor-widget-text-editor\" data-id=\"903fdd7\" data-element_type=\"widget\" data-widget_type=\"text-editor.default\">\n\t\t\t\t<div class=\"elementor-widget-container\">\n\t\t\t\t\t\t\t\t\t<p class=\"p1\"><strong>Marc Padeu<br \/><\/strong><strong style=\"font-family: inherit; font-size: inherit; font-style: inherit; font-variant-caps: inherit; text-align: var(--text-align); letter-spacing: var(--theme-letter-spacing); text-transform: var(--theme-text-transform); text-decoration: var(--theme-text-decoration);\"><em>Dans la Plantation<\/em><\/strong><\/p>\t\t\t\t\t\t\t\t<\/div>\n\t\t\t\t<\/div>\n\t\t\t\t<\/div>\n\t\t<div class=\"elementor-element elementor-element-b693a75 e-con-full e-flex e-con e-child\" data-id=\"b693a75\" data-element_type=\"container\">\n\t\t\t\t<div class=\"elementor-element elementor-element-a7056b2 elementor-widget elementor-widget-text-editor\" data-id=\"a7056b2\" data-element_type=\"widget\" data-widget_type=\"text-editor.default\">\n\t\t\t\t<div class=\"elementor-widget-container\">\n\t\t\t\t\t\t\t\t\t<p>Peres Projects is pleased to present <i>Dans la plantation<\/i>, Marc Padeu\u2019s (b. 1990 in Melong, Cameroon) second solo exhibition with the gallery and his first in Milan.<\/p><p>With this new body of work, Marc Padeu pursues his pictorial exploration of Cameroon\u2019s agricultural regions, which began in a banana plantation in Njomb\u00e9-Penja, and now takes us to a cacao plantation a few kilometers from Yaound\u00e9. Informed both by his predilection for the Old Masters of European painting and by his personal approach to composition, based on reenactment and photography, Marc Padeu composes a series of works which sublimes the quotidian.<\/p><p>While bringing to the fore those usually left in the shadows of a globalized product consumed around the world, Padeu\u2019s paintings do not depict work scenes. Instead, the artist shares moments of rest and get-together. While the setting has changed, the scenes he depicts show couples and groups in conversation, that are reminiscent of his earlier works. In Padeu\u2019s hands the plantation becomes a metaphor for life: sowing, cultivating, tending, harvesting; and starting over. Season after season, the work in the plantation mirrors the cycles of life. From one painting to another Padeu\u2019s oeuvre reveals itself as an investigation into the passing of life, the artist collecting and archiving precious moments of existence like cacao leaves in a herbarium.<\/p><p>Passionate about history, Marc Padeu is a chronicler. Narration is central to his practice in which each work encapsulates a story. In <i>Dans la plantation<\/i>, a same scene is sometimes depicted from different angles in order to expand the limits of the canvas and develop a storyline. Painting from experience, Padeu uses photographs in which he meticulously recreates, on location, scenes he has witnessed. More than a mere mnemonic support, this process lends a photographic quality to the paintings, as evidenced by their singular framings. Although restaged, his compositions radiate spontaneity; pieced together, they evoke an album of snapshots which emanates fellowship and intimacy.<\/p><p>An acute observer, Marc Padeu approaches painting from a naturalistic standpoint, which he enhances, and sometimes subverts, with an intense and arresting palette of colors. The iridescent foliage which thrives across canvases is inspired by an Impressionist use of colors. Enlarged to dimensions more reminiscent of history painting than genre painting, Padeu\u2019s works turn simple moments into noteworthy events in our individual and intimate lives. They exude a rare, almost palpable intensity. Just like each cacao pod painted by Padeu has a unique shape and hue, the familiar moments freeze-framed by the artist all have their own coloration and significance.<\/p><p>Drawing on a nearly documentary approach to his field of investigation as well as on his in-depth knowledge of centuries of experimentation with figuration, Padeu translates facets of ordinary life in contemporary Cameroon into works firmly rooted within our shared art history. Cultivating togetherness and sharing, Padeu\u2019s large-format canvases magnify relatable fragments of daily life which resonate far beyond the Cameroonian plantation.<\/p><p>This is Marc Padeu\u2019s second solo exhibition with Peres Projects and his first in our Milan space. His work has been featured in several institutional exhibitions, including a solo exhibition at Doual\u2019art \u2013 Centre d\u2019art contemporain, Douala, and group exhibitions at the Galerie Nationale d\u2019Art Contemporain de Yaound\u00e9, Yaounde and the Mus\u00e9e National de Yaound\u00e9, Yaounde. Marc Padeu has also presented solo exhibitions at Cromwell Place, London, Peres Projects, Berlin, and Jack Bell Gallery, London. His work is currently featured in the major group exhibition <i>When We See Us: A Century of Black Figuration in Painting<\/i> at the Zeitz Museum of Contemporary Art Africa (Zeitz MOCAA) in Cape Town. Padeu\u2019s work recently entered the permanent collection of the Art Gallery of Ontario in Canada.<\/p>\t\t\t\t\t\t\t\t<\/div>\n\t\t\t\t<\/div>\n\t\t\t\t<\/div>\n\t\t\t\t\t<\/div>\n\t\t\t\t<\/div>\n\t\t\t\t<\/div>","protected":false},"excerpt":{"rendered":"<p>Marc PadeuDans la Plantation Peres Projects is pleased to present Dans la plantation, Marc Padeu\u2019s (b. 1990 in Melong, Cameroon) second solo exhibition with the gallery and his first in Milan. With this new body of work, Marc Padeu pursues his pictorial exploration of Cameroon\u2019s agricultural regions, which began in a banana plantation in Njomb\u00e9-Penja, [&hellip;]<\/p>","protected":false},"author":1,"featured_media":0,"parent":0,"menu_order":0,"comment_status":"closed","ping_status":"closed","template":"","meta":{"footnotes":""},"class_list":["post-2474","page","type-page","status-publish","hentry"],"blocksy_meta":[],"yoast_head":"<!-- This site is optimized with the Yoast SEO plugin v26.9 - https:\/\/yoast.com\/product\/yoast-seo-wordpress\/ -->\n<title>Padeu - Dans la Plantation - Claire Ducresson-Bo\u00ebt<\/title>\n<meta name=\"robots\" content=\"index, follow, max-snippet:-1, max-image-preview:large, max-video-preview:-1\" \/>\n<link rel=\"canonical\" href=\"https:\/\/claireducressonboet.com\/en\/padeu-dans-la-plantation\/\" \/>\n<meta property=\"og:locale\" content=\"en_US\" \/>\n<meta property=\"og:type\" content=\"article\" \/>\n<meta property=\"og:title\" content=\"Padeu - Dans la Plantation - Claire Ducresson-Bo\u00ebt\" \/>\n<meta property=\"og:description\" content=\"Marc PadeuDans la Plantation Peres Projects is pleased to present Dans la plantation, Marc Padeu\u2019s (b. 1990 in Melong, Cameroon) second solo exhibition with the gallery and his first in Milan. With this new body of work, Marc Padeu pursues his pictorial exploration of Cameroon\u2019s agricultural regions, which began in a banana plantation in Njomb\u00e9-Penja, [&hellip;]\" \/>\n<meta property=\"og:url\" content=\"https:\/\/claireducressonboet.com\/en\/padeu-dans-la-plantation\/\" \/>\n<meta property=\"og:site_name\" content=\"Claire Ducresson-Bo\u00ebt\" \/>\n<meta property=\"article:modified_time\" content=\"2025-05-03T11:19:04+00:00\" \/>\n<meta name=\"twitter:card\" content=\"summary_large_image\" \/>\n<meta name=\"twitter:label1\" content=\"Est. reading time\" \/>\n\t<meta name=\"twitter:data1\" content=\"3 minutes\" \/>\n<script type=\"application\/ld+json\" class=\"yoast-schema-graph\">{\"@context\":\"https:\/\/schema.org\",\"@graph\":[{\"@type\":\"WebPage\",\"@id\":\"https:\/\/claireducressonboet.com\/padeu-dans-la-plantation\/\",\"url\":\"https:\/\/claireducressonboet.com\/padeu-dans-la-plantation\/\",\"name\":\"Padeu - Dans la Plantation - Claire Ducresson-Bo\u00ebt\",\"isPartOf\":{\"@id\":\"https:\/\/claireducressonboet.com\/#website\"},\"datePublished\":\"2025-04-30T07:45:29+00:00\",\"dateModified\":\"2025-05-03T11:19:04+00:00\",\"breadcrumb\":{\"@id\":\"https:\/\/claireducressonboet.com\/padeu-dans-la-plantation\/#breadcrumb\"},\"inLanguage\":\"en-US\",\"potentialAction\":[{\"@type\":\"ReadAction\",\"target\":[\"https:\/\/claireducressonboet.com\/padeu-dans-la-plantation\/\"]}]},{\"@type\":\"BreadcrumbList\",\"@id\":\"https:\/\/claireducressonboet.com\/padeu-dans-la-plantation\/#breadcrumb\",\"itemListElement\":[{\"@type\":\"ListItem\",\"position\":1,\"name\":\"Home\",\"item\":\"https:\/\/claireducressonboet.com\/\"},{\"@type\":\"ListItem\",\"position\":2,\"name\":\"Padeu &#8211; Dans la Plantation\"}]},{\"@type\":\"WebSite\",\"@id\":\"https:\/\/claireducressonboet.com\/#website\",\"url\":\"https:\/\/claireducressonboet.com\/\",\"name\":\"Claire Ducresson-Bo\u00ebt\",\"description\":\"\",\"potentialAction\":[{\"@type\":\"SearchAction\",\"target\":{\"@type\":\"EntryPoint\",\"urlTemplate\":\"https:\/\/claireducressonboet.com\/?s={search_term_string}\"},\"query-input\":{\"@type\":\"PropertyValueSpecification\",\"valueRequired\":true,\"valueName\":\"search_term_string\"}}],\"inLanguage\":\"en-US\"}]}<\/script>\n<!-- \/ Yoast SEO plugin. -->","yoast_head_json":{"title":"Padeu - Dans la Plantation - Claire Ducresson-Bo\u00ebt","robots":{"index":"index","follow":"follow","max-snippet":"max-snippet:-1","max-image-preview":"max-image-preview:large","max-video-preview":"max-video-preview:-1"},"canonical":"https:\/\/claireducressonboet.com\/en\/padeu-dans-la-plantation\/","og_locale":"en_US","og_type":"article","og_title":"Padeu - Dans la Plantation - Claire Ducresson-Bo\u00ebt","og_description":"Marc PadeuDans la Plantation Peres Projects is pleased to present Dans la plantation, Marc Padeu\u2019s (b. 1990 in Melong, Cameroon) second solo exhibition with the gallery and his first in Milan. With this new body of work, Marc Padeu pursues his pictorial exploration of Cameroon\u2019s agricultural regions, which began in a banana plantation in Njomb\u00e9-Penja, [&hellip;]","og_url":"https:\/\/claireducressonboet.com\/en\/padeu-dans-la-plantation\/","og_site_name":"Claire Ducresson-Bo\u00ebt","article_modified_time":"2025-05-03T11:19:04+00:00","twitter_card":"summary_large_image","twitter_misc":{"Est. reading time":"3 minutes"},"schema":{"@context":"https:\/\/schema.org","@graph":[{"@type":"WebPage","@id":"https:\/\/claireducressonboet.com\/padeu-dans-la-plantation\/","url":"https:\/\/claireducressonboet.com\/padeu-dans-la-plantation\/","name":"Padeu - Dans la Plantation - Claire Ducresson-Bo\u00ebt","isPartOf":{"@id":"https:\/\/claireducressonboet.com\/#website"},"datePublished":"2025-04-30T07:45:29+00:00","dateModified":"2025-05-03T11:19:04+00:00","breadcrumb":{"@id":"https:\/\/claireducressonboet.com\/padeu-dans-la-plantation\/#breadcrumb"},"inLanguage":"en-US","potentialAction":[{"@type":"ReadAction","target":["https:\/\/claireducressonboet.com\/padeu-dans-la-plantation\/"]}]},{"@type":"BreadcrumbList","@id":"https:\/\/claireducressonboet.com\/padeu-dans-la-plantation\/#breadcrumb","itemListElement":[{"@type":"ListItem","position":1,"name":"Home","item":"https:\/\/claireducressonboet.com\/"},{"@type":"ListItem","position":2,"name":"Padeu &#8211; Dans la Plantation"}]},{"@type":"WebSite","@id":"https:\/\/claireducressonboet.com\/#website","url":"https:\/\/claireducressonboet.com\/","name":"Claire Ducresson-Bo\u00ebt","description":"","potentialAction":[{"@type":"SearchAction","target":{"@type":"EntryPoint","urlTemplate":"https:\/\/claireducressonboet.com\/?s={search_term_string}"},"query-input":{"@type":"PropertyValueSpecification","valueRequired":true,"valueName":"search_term_string"}}],"inLanguage":"en-US"}]}},"_links":{"self":[{"href":"https:\/\/claireducressonboet.com\/en\/wp-json\/wp\/v2\/pages\/2474","targetHints":{"allow":["GET"]}}],"collection":[{"href":"https:\/\/claireducressonboet.com\/en\/wp-json\/wp\/v2\/pages"}],"about":[{"href":"https:\/\/claireducressonboet.com\/en\/wp-json\/wp\/v2\/types\/page"}],"author":[{"embeddable":true,"href":"https:\/\/claireducressonboet.com\/en\/wp-json\/wp\/v2\/users\/1"}],"replies":[{"embeddable":true,"href":"https:\/\/claireducressonboet.com\/en\/wp-json\/wp\/v2\/comments?post=2474"}],"version-history":[{"count":6,"href":"https:\/\/claireducressonboet.com\/en\/wp-json\/wp\/v2\/pages\/2474\/revisions"}],"predecessor-version":[{"id":2483,"href":"https:\/\/claireducressonboet.com\/en\/wp-json\/wp\/v2\/pages\/2474\/revisions\/2483"}],"wp:attachment":[{"href":"https:\/\/claireducressonboet.com\/en\/wp-json\/wp\/v2\/media?parent=2474"}],"curies":[{"name":"wp","href":"https:\/\/api.w.org\/{rel}","templated":true}]}}