{"id":2358,"date":"2025-04-29T16:36:44","date_gmt":"2025-04-29T16:36:44","guid":{"rendered":"https:\/\/claireducressonboet.com\/?page_id=2358"},"modified":"2025-05-03T11:18:22","modified_gmt":"2025-05-03T11:18:22","slug":"shaffer-ludwig-five-ways-to-see","status":"publish","type":"page","link":"https:\/\/claireducressonboet.com\/fr\/shaffer-ludwig-five-ways-to-see\/","title":{"rendered":"Shaffer Ludwig &#8211; Five Ways to See"},"content":{"rendered":"\t\t<div data-elementor-type=\"wp-page\" data-elementor-id=\"2358\" class=\"elementor elementor-2358\">\n\t\t\t\t<div class=\"elementor-element elementor-element-45bfa74 e-flex e-con-boxed e-con e-parent\" data-id=\"45bfa74\" data-element_type=\"container\">\n\t\t\t\t\t<div class=\"e-con-inner\">\n\t\t<div class=\"elementor-element elementor-element-44e76d2 e-con-full e-flex e-con e-child\" data-id=\"44e76d2\" data-element_type=\"container\">\n\t\t\t\t<div class=\"elementor-element elementor-element-903fdd7 elementor-widget elementor-widget-text-editor\" data-id=\"903fdd7\" data-element_type=\"widget\" data-widget_type=\"text-editor.default\">\n\t\t\t\t<div class=\"elementor-widget-container\">\n\t\t\t\t\t\t\t\t\t<p class=\"p1\"><strong>Emily Ludwig Shaffer<\/strong><br \/><strong><em>Five Ways to See<\/em><\/strong><\/p>\t\t\t\t\t\t\t\t<\/div>\n\t\t\t\t<\/div>\n\t\t\t\t<\/div>\n\t\t<div class=\"elementor-element elementor-element-b693a75 e-con-full e-flex e-con e-child\" data-id=\"b693a75\" data-element_type=\"container\">\n\t\t\t\t<div class=\"elementor-element elementor-element-a7056b2 elementor-widget elementor-widget-text-editor\" data-id=\"a7056b2\" data-element_type=\"widget\" data-widget_type=\"text-editor.default\">\n\t\t\t\t<div class=\"elementor-widget-container\">\n\t\t\t\t\t\t\t\t\t<p>Peres Projects is pleased to present <i>Five Ways to See<\/i>, Emily Ludwig Shaffer\u2019s (b. 1988 in San Francisco, US) second solo exhibition with the gallery and her first in Milan.<\/p><p>Through a new series of highly graphic and colorful paintings, Emily Ludwig Shaffer engages her distinctive hard-edge aesthetic and architectural sense of composition in an immersive examination of the sensorial potential of painting. Her clear lines, solid color blocks, velvety layers of paint, and imperceptible brushwork give shape to a singular interpretation of an art-historical trope: the painterly and allegorical representation of the five senses. Building upon Shaffer\u2019s long-standing visual exploration of the relationship between bodies and space, <i>Touch<\/i>, <i>Sound<\/i>, <i>Smell<\/i>, <i>Taste<\/i> (all 2024) and <i>Sight<\/i> (2023), the five large-format, near human-scale paintings that form the core of the exhibition, pull the viewer into domestic and semi-enclosed spaces that appear simultaneously illusionistic and surreal.<\/p><p>Playing with varying scales in <i>Taste<\/i> or textured surfaces in <i>Touch<\/i> and <i>Sight<\/i>, the paintings engage the viewer\u2019s body, inviting them to come closer to observe the minute details of the compositions or, conversely, to step back and appreciate the works in their entirety. More often than not, the paintings are peopled by Shaffer\u2019s signature stone figures. However, even when unpopulated, the works are never uninhabited. A pair of shoes left under a table or a Surf and Turf meal served in a miniature dining room act as proxies for the absent bodies and as conduits for the viewer to step into Shaffer\u2019s imagined spaces.<\/p><p>While her smooth surfaces, razor-sharp shapes, and grid-like and cubic structures connect her work to a modernist and, to some extent, digital aesthetic, Shaffer often explores art and craft traditions predating the modern period. <i>Five Ways to See<\/i> draws inspiration from <i>The Lady and the Unicorn<\/i> (c.\u00a01500). A polyptych tapestry from the late medieval period, the work depicts the five senses in the <i>millefleur<\/i> style typical of European late Middle Ages and Early Renaissance tapestry. The artist\u2019s interest in medieval works is not new; <i>The Book of the City of Ladies<\/i> (c. 1405) by Christine de Pizan, for instance, inspired her 2022 solo exhibition at Peres Projects in Berlin. This manifests in paintings that defy a rationalist approach to the world and its representation, such as through distorted perspectives, with the artist favoring works that cultivate mystery and ambiguity.<\/p><p>Just like <i>The Lady and the Unicorn<\/i> includes a sixth, enigmatic panel titled \u201cMon seul d\u00e9sir\u201d (<i>My only desire<\/i>), supposedly depicting a sixth sense, Shaffer\u2019s new series explores her interpretation of this additional sense through three smaller works\u2014<i>Millefleurs<\/i>, <i>The Neighbor\u2019s Way<\/i>, and <i>Developing Taste <\/i>(all 2023). Capturing images that spontaneously emerged in her mind while working on the series, they function as offshoots of the larger paintings and collectively portray the artist\u2019s sense of intuition. Ultimately, <i>Five Ways to See<\/i> celebrates a multisensory, embodied, and subjective perception of one\u2019s environment, drawing notably on Shaffer\u2019s personal memories. One particularly dear to the artist is the concerto of heavy rain and songbirds experienced during a storm in England, depicted in <i>Sound<\/i>.<\/p><p>Intuitive and organic, Shaffer\u2019s rendering of the senses is infused with a certain playfulness, particularly salient in pieces such as <i>Taste<\/i> and <i>The Neighbor\u2019s Way<\/i>, where her architectural structures evoke dollhouses. This connection to childhood is significant, as the artist describes how, since becoming a mother in 2021, she has been rediscovering the world through the eyes\u2014and physical experiences\u2014of a child. It is indeed through the body and senses that one first becomes acquainted with the world, and the exhibition invites to reconnect with sensorial perception as an embodied form of cognition.<\/p><p>Although perhaps in a more indirect manner, this new body of work contributes to Shaffer\u2019s ongoing contemplation of how women occupy space, touching on both concrete spaces and symbolic ones such as art history. The history of art and aesthetic judgment, subtly referenced in <i>Developing Taste<\/i>, are intertwined with hierarchies of the senses. Strongly imbued with gender values, as argued by feminist theorists such as Griselda Pollock and Julia Kristeva, these hierarchies have played a role in the gradual invisibilization of women artists since the early Renaissance. By engaging with the senses, Shaffer, whose work frequently references arts and crafts traditionally associated with women, delves deeper into her enduring desire to explore how women express themselves aesthetically and artistically while creating space for sharing new ways to see.<\/p><p>This is Emily Ludwig Shaffer\u2019s second solo exhibition with Peres Projects and her first in our Milan gallery. Her recent solo exhibitions include Galerie PACT, Paris (2023 and 2020); Peres Projects, Berlin (2022); Dio Horia, Mykonos (2021); L\u2019INCONNUE, New York (2021); Institute 193, Lexington (2019). Her work has been featured in a number of group exhibitions, including <i>The New, New<\/i>, Peres Projects, Seoul (2023); <i>House Part\u00e9 II: The Final Sal\u00e9<\/i>, Carlye Packer, Los Angeles (2022); <i>Tu es M\u00e9tamorphose<\/i>, Galerie PACT, Paris (2022); <i>The Interior<\/i>, Venus Over Manhattan, New York (2021); <i>Contemporary Domesticity<\/i>, Taymour Grahne Projects, London (2021); <i>Good Pictures<\/i>, Jeffrey Deitch, New York (2020). She is currently participating in the group exhibition <i>FULL DISCLOSURE, Selections from the Thomas-Suwall Collection<\/i>, curated by Anne-Laure Lemaitre, at Plains Art Museum, Fargo.<\/p>\t\t\t\t\t\t\t\t<\/div>\n\t\t\t\t<\/div>\n\t\t\t\t<\/div>\n\t\t\t\t\t<\/div>\n\t\t\t\t<\/div>\n\t\t\t\t<\/div>\n\t\t","protected":false},"excerpt":{"rendered":"<p>Emily Ludwig ShafferFive Ways to See Peres Projects is pleased to present Five Ways to See, Emily Ludwig Shaffer\u2019s (b. 1988 in San Francisco, US) second solo exhibition with the gallery and her first in Milan. Through a new series of highly graphic and colorful paintings, Emily Ludwig Shaffer engages her distinctive hard-edge aesthetic and [&hellip;]<\/p>\n","protected":false},"author":1,"featured_media":0,"parent":0,"menu_order":0,"comment_status":"closed","ping_status":"closed","template":"","meta":{"footnotes":""},"class_list":["post-2358","page","type-page","status-publish","hentry"],"blocksy_meta":[],"yoast_head":"<!-- This site is optimized with the Yoast SEO plugin v26.9 - https:\/\/yoast.com\/product\/yoast-seo-wordpress\/ -->\n<title>Shaffer Ludwig - Five Ways to See - Claire Ducresson-Bo\u00ebt<\/title>\n<meta name=\"robots\" content=\"index, follow, max-snippet:-1, max-image-preview:large, max-video-preview:-1\" \/>\n<link rel=\"canonical\" href=\"https:\/\/claireducressonboet.com\/fr\/shaffer-ludwig-five-ways-to-see\/\" \/>\n<meta property=\"og:locale\" content=\"fr_FR\" \/>\n<meta property=\"og:type\" content=\"article\" \/>\n<meta property=\"og:title\" content=\"Shaffer Ludwig - Five Ways to See - Claire Ducresson-Bo\u00ebt\" \/>\n<meta property=\"og:description\" content=\"Emily Ludwig ShafferFive Ways to See Peres Projects is pleased to present Five Ways to See, Emily Ludwig Shaffer\u2019s (b. 1988 in San Francisco, US) second solo exhibition with the gallery and her first in Milan. Through a new series of highly graphic and colorful paintings, Emily Ludwig Shaffer engages her distinctive hard-edge aesthetic and [&hellip;]\" \/>\n<meta property=\"og:url\" content=\"https:\/\/claireducressonboet.com\/fr\/shaffer-ludwig-five-ways-to-see\/\" \/>\n<meta property=\"og:site_name\" content=\"Claire Ducresson-Bo\u00ebt\" \/>\n<meta property=\"article:modified_time\" content=\"2025-05-03T11:18:22+00:00\" \/>\n<meta name=\"twitter:card\" content=\"summary_large_image\" \/>\n<meta name=\"twitter:label1\" content=\"Dur\u00e9e de lecture estim\u00e9e\" \/>\n\t<meta name=\"twitter:data1\" content=\"4 minutes\" \/>\n<script type=\"application\/ld+json\" class=\"yoast-schema-graph\">{\"@context\":\"https:\/\/schema.org\",\"@graph\":[{\"@type\":\"WebPage\",\"@id\":\"https:\/\/claireducressonboet.com\/shaffer-ludwig-five-ways-to-see\/\",\"url\":\"https:\/\/claireducressonboet.com\/shaffer-ludwig-five-ways-to-see\/\",\"name\":\"Shaffer Ludwig - Five Ways to See - Claire Ducresson-Bo\u00ebt\",\"isPartOf\":{\"@id\":\"https:\/\/claireducressonboet.com\/#website\"},\"datePublished\":\"2025-04-29T16:36:44+00:00\",\"dateModified\":\"2025-05-03T11:18:22+00:00\",\"breadcrumb\":{\"@id\":\"https:\/\/claireducressonboet.com\/shaffer-ludwig-five-ways-to-see\/#breadcrumb\"},\"inLanguage\":\"fr-FR\",\"potentialAction\":[{\"@type\":\"ReadAction\",\"target\":[\"https:\/\/claireducressonboet.com\/shaffer-ludwig-five-ways-to-see\/\"]}]},{\"@type\":\"BreadcrumbList\",\"@id\":\"https:\/\/claireducressonboet.com\/shaffer-ludwig-five-ways-to-see\/#breadcrumb\",\"itemListElement\":[{\"@type\":\"ListItem\",\"position\":1,\"name\":\"Home\",\"item\":\"https:\/\/claireducressonboet.com\/\"},{\"@type\":\"ListItem\",\"position\":2,\"name\":\"Shaffer Ludwig &#8211; Five Ways to See\"}]},{\"@type\":\"WebSite\",\"@id\":\"https:\/\/claireducressonboet.com\/#website\",\"url\":\"https:\/\/claireducressonboet.com\/\",\"name\":\"Claire Ducresson-Bo\u00ebt\",\"description\":\"\",\"potentialAction\":[{\"@type\":\"SearchAction\",\"target\":{\"@type\":\"EntryPoint\",\"urlTemplate\":\"https:\/\/claireducressonboet.com\/?s={search_term_string}\"},\"query-input\":{\"@type\":\"PropertyValueSpecification\",\"valueRequired\":true,\"valueName\":\"search_term_string\"}}],\"inLanguage\":\"fr-FR\"}]}<\/script>\n<!-- \/ Yoast SEO plugin. -->","yoast_head_json":{"title":"Shaffer Ludwig - Five Ways to See - Claire Ducresson-Bo\u00ebt","robots":{"index":"index","follow":"follow","max-snippet":"max-snippet:-1","max-image-preview":"max-image-preview:large","max-video-preview":"max-video-preview:-1"},"canonical":"https:\/\/claireducressonboet.com\/fr\/shaffer-ludwig-five-ways-to-see\/","og_locale":"fr_FR","og_type":"article","og_title":"Shaffer Ludwig - Five Ways to See - Claire Ducresson-Bo\u00ebt","og_description":"Emily Ludwig ShafferFive Ways to See Peres Projects is pleased to present Five Ways to See, Emily Ludwig Shaffer\u2019s (b. 1988 in San Francisco, US) second solo exhibition with the gallery and her first in Milan. Through a new series of highly graphic and colorful paintings, Emily Ludwig Shaffer engages her distinctive hard-edge aesthetic and [&hellip;]","og_url":"https:\/\/claireducressonboet.com\/fr\/shaffer-ludwig-five-ways-to-see\/","og_site_name":"Claire Ducresson-Bo\u00ebt","article_modified_time":"2025-05-03T11:18:22+00:00","twitter_card":"summary_large_image","twitter_misc":{"Dur\u00e9e de lecture estim\u00e9e":"4 minutes"},"schema":{"@context":"https:\/\/schema.org","@graph":[{"@type":"WebPage","@id":"https:\/\/claireducressonboet.com\/shaffer-ludwig-five-ways-to-see\/","url":"https:\/\/claireducressonboet.com\/shaffer-ludwig-five-ways-to-see\/","name":"Shaffer Ludwig - Five Ways to See - Claire Ducresson-Bo\u00ebt","isPartOf":{"@id":"https:\/\/claireducressonboet.com\/#website"},"datePublished":"2025-04-29T16:36:44+00:00","dateModified":"2025-05-03T11:18:22+00:00","breadcrumb":{"@id":"https:\/\/claireducressonboet.com\/shaffer-ludwig-five-ways-to-see\/#breadcrumb"},"inLanguage":"fr-FR","potentialAction":[{"@type":"ReadAction","target":["https:\/\/claireducressonboet.com\/shaffer-ludwig-five-ways-to-see\/"]}]},{"@type":"BreadcrumbList","@id":"https:\/\/claireducressonboet.com\/shaffer-ludwig-five-ways-to-see\/#breadcrumb","itemListElement":[{"@type":"ListItem","position":1,"name":"Home","item":"https:\/\/claireducressonboet.com\/"},{"@type":"ListItem","position":2,"name":"Shaffer Ludwig &#8211; Five Ways to See"}]},{"@type":"WebSite","@id":"https:\/\/claireducressonboet.com\/#website","url":"https:\/\/claireducressonboet.com\/","name":"Claire Ducresson-Bo\u00ebt","description":"","potentialAction":[{"@type":"SearchAction","target":{"@type":"EntryPoint","urlTemplate":"https:\/\/claireducressonboet.com\/?s={search_term_string}"},"query-input":{"@type":"PropertyValueSpecification","valueRequired":true,"valueName":"search_term_string"}}],"inLanguage":"fr-FR"}]}},"_links":{"self":[{"href":"https:\/\/claireducressonboet.com\/fr\/wp-json\/wp\/v2\/pages\/2358","targetHints":{"allow":["GET"]}}],"collection":[{"href":"https:\/\/claireducressonboet.com\/fr\/wp-json\/wp\/v2\/pages"}],"about":[{"href":"https:\/\/claireducressonboet.com\/fr\/wp-json\/wp\/v2\/types\/page"}],"author":[{"embeddable":true,"href":"https:\/\/claireducressonboet.com\/fr\/wp-json\/wp\/v2\/users\/1"}],"replies":[{"embeddable":true,"href":"https:\/\/claireducressonboet.com\/fr\/wp-json\/wp\/v2\/comments?post=2358"}],"version-history":[{"count":10,"href":"https:\/\/claireducressonboet.com\/fr\/wp-json\/wp\/v2\/pages\/2358\/revisions"}],"predecessor-version":[{"id":2381,"href":"https:\/\/claireducressonboet.com\/fr\/wp-json\/wp\/v2\/pages\/2358\/revisions\/2381"}],"wp:attachment":[{"href":"https:\/\/claireducressonboet.com\/fr\/wp-json\/wp\/v2\/media?parent=2358"}],"curies":[{"name":"wp","href":"https:\/\/api.w.org\/{rel}","templated":true}]}}