{"id":2442,"date":"2025-04-29T16:55:22","date_gmt":"2025-04-29T16:55:22","guid":{"rendered":"https:\/\/claireducressonboet.com\/?page_id=2442"},"modified":"2025-05-03T11:20:31","modified_gmt":"2025-05-03T11:20:31","slug":"the-becoming","status":"publish","type":"page","link":"https:\/\/claireducressonboet.com\/fr\/the-becoming\/","title":{"rendered":"Group &#8211; The Becoming"},"content":{"rendered":"\t\t<div data-elementor-type=\"wp-page\" data-elementor-id=\"2442\" class=\"elementor elementor-2442\">\n\t\t\t\t<div class=\"elementor-element elementor-element-45bfa74 e-flex e-con-boxed e-con e-parent\" data-id=\"45bfa74\" data-element_type=\"container\">\n\t\t\t\t\t<div class=\"e-con-inner\">\n\t\t<div class=\"elementor-element elementor-element-44e76d2 e-con-full e-flex e-con e-child\" data-id=\"44e76d2\" data-element_type=\"container\">\n\t\t\t\t<div class=\"elementor-element elementor-element-903fdd7 elementor-widget elementor-widget-text-editor\" data-id=\"903fdd7\" data-element_type=\"widget\" data-widget_type=\"text-editor.default\">\n\t\t\t\t<div class=\"elementor-widget-container\">\n\t\t\t\t\t\t\t\t\t<p class=\"p1\"><strong>Group Exhibition<br \/><em>The\u00a0<\/em><\/strong><b><i>Becoming<\/i><\/b><\/p>\t\t\t\t\t\t\t\t<\/div>\n\t\t\t\t<\/div>\n\t\t\t\t<\/div>\n\t\t<div class=\"elementor-element elementor-element-b693a75 e-con-full e-flex e-con e-child\" data-id=\"b693a75\" data-element_type=\"container\">\n\t\t\t\t<div class=\"elementor-element elementor-element-a7056b2 elementor-widget elementor-widget-text-editor\" data-id=\"a7056b2\" data-element_type=\"widget\" data-widget_type=\"text-editor.default\">\n\t\t\t\t<div class=\"elementor-widget-container\">\n\t\t\t\t\t\t\t\t\t<p>Peres Projects is pleased to present <i>The Becoming: A Window of the Self<\/i>, curated by British-Ghanaian artist Joseph Awuah-Darko. Presented in our Berlin gallery, this group exhibition brings together works by Mobolaji Ogunrosoye, Maku Azu, Ousmane B\u00e2, and Joseph Awuah-Darko.<\/p><p>Across a range of media including painting, photography, collage, sculpture, and tapestry, <i>The Becoming <\/i>unfurls a multifarious exploration of the self, that extends far beyond the traditional bounds of self-portraiture. Whether engaging with abstraction, figuration, Surrealism, or Afro-futurism, the artists approach self-examination from perspectives infused with <i>ubuntu<\/i>. Encapsulated in the phrase \u201cI am because you are,\u201d this key concept of Sub-Saharan philosophy acknowledges the interdependence between individuals and communities as the seat of humanness, positing that the fulfillment of one\u2019s subjectivity depends on a group. Throughout the exhibition, the artists address the fluidity of selfhood and the multiplicity of identity by interlacing personal histories and cultural legacies. In <i>The Becoming<\/i>, reflection on one\u2019s life and experiences does not equate to self-absorption. More often than not, in the exhibited body of work, self-discovery occurs through encountering the other, appropriating ancestral or nonnative techniques, and grappling with wider societal constructs.<\/p><p>Multicolor loops of thick paint, applied by a meticulous hand, make up the impastoed surfaces of Maku Azu\u2019s (b. 1986 in Accra, Ghana; based between Bangkok and Paris) effervescent and kaleidoscopic portraits and self-portraits. Upon closer inspection, the figurative bodies we see from a distance reveal themselves to be an intricate mesh of brushstrokes that translate the turmoil of our inner lives into a magmatic substance. Engaged in a cathartic process of self-examination that embraces vulnerability, Azu explores the tension between one\u2019s true self and the external social forces exerted on us; which she renders in bronze in the bicephalous self-portrait <i>Untitled (twin self sculpture)<\/i> (2023).\u00a0<\/p><p>Mobolaji Ogunrosoye\u2019s (b. 1991 in Lagos, Nigeria; based in Lagos) artistic practice comprises photography and collage that she combines in multilayered portraits. In her hands, photographs morph into sculptures as she carves black-and-white and color prints, creating sinuous cutouts that materialize distortions and contortions of the self. By fragmenting and reassembling depictions of her female peers, Ogunrosoye investigates the representation of female bodies in contemporary African society and excavates her own multifaceted experience as a Nigerian woman.<\/p><p>Tokyo-based artist Ousmane B\u00e2 (b. in Strasbourg, France) deploys a syncretic practice that merges Japanese printmaking (<i>mokuhanga<\/i>) and dyeing (<i>katazome<\/i>) techniques with references to his Senegalese Fulani heritage, in particular as it relates to nomadism. Captured mid-dance, mid-fall, mid-embrace, or mid-fight, B\u00e2\u2019s silhouettes evoke movement, agency, and self-determination. His cutouts represent bodies traditionally underrepresented in the arts; collaged on primed white canvas, at times adorned with pieces of dyed fabric, they appear in a state of weightlessness that channels the artist\u2019s search for serenity and harmony.<\/p><p>Inspired by <i>kente<\/i>, a traditional Ghanaian loincloth, the striking tapestries of Joseph Awuah-Darko (b. 1996 in London, UK; based between Accra and London) delve deep into the artist\u2019s psyche. Drawing on Surrealism, they exhume subconscious meanderings; producing an embodied experience of the passing of time, the act of weaving itself serves as a healing process. While giving shape to a contemporary language through traditional materials and techniques, Awuah-Darko creates a lexicon made up of both universal and personal symbols, laced with animism. Each experience is woven into a tapestry\u2014both tangible and metaphorical\u2014that conveys a sense of nonlinear growth towards becoming.<\/p><p>The ideas of community and interconnectedness that permeate the exhibition have informed this project from its inception, as <i>The Becoming<\/i> brings together fellows of the Noldor Artist Residency, Ghana\u2019s first institutional artist residency, founded by Awuah-Darko in order to support contemporary African artists, within the continent and across the diaspora. As stated by Joseph Awuah-Darko in his curatorial statement: \u201cIn <i>The Becoming<\/i>, the artists celebrate the rich cultural tapestry of Africa, while simultaneously expanding its borders. They advocate for a more inclusive and nuanced understanding of the African experience, one that rejects stereotypes and embraces the myriad narratives that shape individual and collective identities.\u201d<\/p>\t\t\t\t\t\t\t\t<\/div>\n\t\t\t\t<\/div>\n\t\t\t\t<\/div>\n\t\t\t\t\t<\/div>\n\t\t\t\t<\/div>\n\t\t\t\t<\/div>\n\t\t","protected":false},"excerpt":{"rendered":"<p>Group ExhibitionThe\u00a0Becoming Peres Projects is pleased to present The Becoming: A Window of the Self, curated by British-Ghanaian artist Joseph Awuah-Darko. Presented in our Berlin gallery, this group exhibition brings together works by Mobolaji Ogunrosoye, Maku Azu, Ousmane B\u00e2, and Joseph Awuah-Darko. Across a range of media including painting, photography, collage, sculpture, and tapestry, The [&hellip;]<\/p>\n","protected":false},"author":1,"featured_media":0,"parent":0,"menu_order":0,"comment_status":"closed","ping_status":"closed","template":"","meta":{"footnotes":""},"class_list":["post-2442","page","type-page","status-publish","hentry"],"blocksy_meta":[],"yoast_head":"<!-- This site is optimized with the Yoast SEO plugin v26.9 - https:\/\/yoast.com\/product\/yoast-seo-wordpress\/ -->\n<title>Group - The Becoming - Claire Ducresson-Bo\u00ebt<\/title>\n<meta name=\"robots\" content=\"index, follow, max-snippet:-1, max-image-preview:large, max-video-preview:-1\" \/>\n<link rel=\"canonical\" href=\"https:\/\/claireducressonboet.com\/fr\/the-becoming\/\" \/>\n<meta property=\"og:locale\" content=\"fr_FR\" \/>\n<meta property=\"og:type\" content=\"article\" \/>\n<meta property=\"og:title\" content=\"Group - The Becoming - Claire Ducresson-Bo\u00ebt\" \/>\n<meta property=\"og:description\" content=\"Group ExhibitionThe\u00a0Becoming Peres Projects is pleased to present The Becoming: A Window of the Self, curated by British-Ghanaian artist Joseph Awuah-Darko. Presented in our Berlin gallery, this group exhibition brings together works by Mobolaji Ogunrosoye, Maku Azu, Ousmane B\u00e2, and Joseph Awuah-Darko. Across a range of media including painting, photography, collage, sculpture, and tapestry, The [&hellip;]\" \/>\n<meta property=\"og:url\" content=\"https:\/\/claireducressonboet.com\/fr\/the-becoming\/\" \/>\n<meta property=\"og:site_name\" content=\"Claire Ducresson-Bo\u00ebt\" \/>\n<meta property=\"article:modified_time\" content=\"2025-05-03T11:20:31+00:00\" \/>\n<meta name=\"twitter:card\" content=\"summary_large_image\" \/>\n<meta name=\"twitter:label1\" content=\"Dur\u00e9e de lecture estim\u00e9e\" \/>\n\t<meta name=\"twitter:data1\" content=\"3 minutes\" \/>\n<script type=\"application\/ld+json\" class=\"yoast-schema-graph\">{\"@context\":\"https:\/\/schema.org\",\"@graph\":[{\"@type\":\"WebPage\",\"@id\":\"https:\/\/claireducressonboet.com\/the-becoming\/\",\"url\":\"https:\/\/claireducressonboet.com\/the-becoming\/\",\"name\":\"Group - The Becoming - Claire Ducresson-Bo\u00ebt\",\"isPartOf\":{\"@id\":\"https:\/\/claireducressonboet.com\/#website\"},\"datePublished\":\"2025-04-29T16:55:22+00:00\",\"dateModified\":\"2025-05-03T11:20:31+00:00\",\"breadcrumb\":{\"@id\":\"https:\/\/claireducressonboet.com\/the-becoming\/#breadcrumb\"},\"inLanguage\":\"fr-FR\",\"potentialAction\":[{\"@type\":\"ReadAction\",\"target\":[\"https:\/\/claireducressonboet.com\/the-becoming\/\"]}]},{\"@type\":\"BreadcrumbList\",\"@id\":\"https:\/\/claireducressonboet.com\/the-becoming\/#breadcrumb\",\"itemListElement\":[{\"@type\":\"ListItem\",\"position\":1,\"name\":\"Home\",\"item\":\"https:\/\/claireducressonboet.com\/\"},{\"@type\":\"ListItem\",\"position\":2,\"name\":\"Group &#8211; The Becoming\"}]},{\"@type\":\"WebSite\",\"@id\":\"https:\/\/claireducressonboet.com\/#website\",\"url\":\"https:\/\/claireducressonboet.com\/\",\"name\":\"Claire Ducresson-Bo\u00ebt\",\"description\":\"\",\"potentialAction\":[{\"@type\":\"SearchAction\",\"target\":{\"@type\":\"EntryPoint\",\"urlTemplate\":\"https:\/\/claireducressonboet.com\/?s={search_term_string}\"},\"query-input\":{\"@type\":\"PropertyValueSpecification\",\"valueRequired\":true,\"valueName\":\"search_term_string\"}}],\"inLanguage\":\"fr-FR\"}]}<\/script>\n<!-- \/ Yoast SEO plugin. -->","yoast_head_json":{"title":"Group - The Becoming - Claire Ducresson-Bo\u00ebt","robots":{"index":"index","follow":"follow","max-snippet":"max-snippet:-1","max-image-preview":"max-image-preview:large","max-video-preview":"max-video-preview:-1"},"canonical":"https:\/\/claireducressonboet.com\/fr\/the-becoming\/","og_locale":"fr_FR","og_type":"article","og_title":"Group - The Becoming - Claire Ducresson-Bo\u00ebt","og_description":"Group ExhibitionThe\u00a0Becoming Peres Projects is pleased to present The Becoming: A Window of the Self, curated by British-Ghanaian artist Joseph Awuah-Darko. Presented in our Berlin gallery, this group exhibition brings together works by Mobolaji Ogunrosoye, Maku Azu, Ousmane B\u00e2, and Joseph Awuah-Darko. Across a range of media including painting, photography, collage, sculpture, and tapestry, The [&hellip;]","og_url":"https:\/\/claireducressonboet.com\/fr\/the-becoming\/","og_site_name":"Claire Ducresson-Bo\u00ebt","article_modified_time":"2025-05-03T11:20:31+00:00","twitter_card":"summary_large_image","twitter_misc":{"Dur\u00e9e de lecture estim\u00e9e":"3 minutes"},"schema":{"@context":"https:\/\/schema.org","@graph":[{"@type":"WebPage","@id":"https:\/\/claireducressonboet.com\/the-becoming\/","url":"https:\/\/claireducressonboet.com\/the-becoming\/","name":"Group - The Becoming - Claire Ducresson-Bo\u00ebt","isPartOf":{"@id":"https:\/\/claireducressonboet.com\/#website"},"datePublished":"2025-04-29T16:55:22+00:00","dateModified":"2025-05-03T11:20:31+00:00","breadcrumb":{"@id":"https:\/\/claireducressonboet.com\/the-becoming\/#breadcrumb"},"inLanguage":"fr-FR","potentialAction":[{"@type":"ReadAction","target":["https:\/\/claireducressonboet.com\/the-becoming\/"]}]},{"@type":"BreadcrumbList","@id":"https:\/\/claireducressonboet.com\/the-becoming\/#breadcrumb","itemListElement":[{"@type":"ListItem","position":1,"name":"Home","item":"https:\/\/claireducressonboet.com\/"},{"@type":"ListItem","position":2,"name":"Group &#8211; The Becoming"}]},{"@type":"WebSite","@id":"https:\/\/claireducressonboet.com\/#website","url":"https:\/\/claireducressonboet.com\/","name":"Claire Ducresson-Bo\u00ebt","description":"","potentialAction":[{"@type":"SearchAction","target":{"@type":"EntryPoint","urlTemplate":"https:\/\/claireducressonboet.com\/?s={search_term_string}"},"query-input":{"@type":"PropertyValueSpecification","valueRequired":true,"valueName":"search_term_string"}}],"inLanguage":"fr-FR"}]}},"_links":{"self":[{"href":"https:\/\/claireducressonboet.com\/fr\/wp-json\/wp\/v2\/pages\/2442","targetHints":{"allow":["GET"]}}],"collection":[{"href":"https:\/\/claireducressonboet.com\/fr\/wp-json\/wp\/v2\/pages"}],"about":[{"href":"https:\/\/claireducressonboet.com\/fr\/wp-json\/wp\/v2\/types\/page"}],"author":[{"embeddable":true,"href":"https:\/\/claireducressonboet.com\/fr\/wp-json\/wp\/v2\/users\/1"}],"replies":[{"embeddable":true,"href":"https:\/\/claireducressonboet.com\/fr\/wp-json\/wp\/v2\/comments?post=2442"}],"version-history":[{"count":6,"href":"https:\/\/claireducressonboet.com\/fr\/wp-json\/wp\/v2\/pages\/2442\/revisions"}],"predecessor-version":[{"id":2448,"href":"https:\/\/claireducressonboet.com\/fr\/wp-json\/wp\/v2\/pages\/2442\/revisions\/2448"}],"wp:attachment":[{"href":"https:\/\/claireducressonboet.com\/fr\/wp-json\/wp\/v2\/media?parent=2442"}],"curies":[{"name":"wp","href":"https:\/\/api.w.org\/{rel}","templated":true}]}}