{"id":376,"date":"2024-11-25T19:28:25","date_gmt":"2024-11-25T19:28:25","guid":{"rendered":"https:\/\/claireducressonboet.com\/?page_id=376"},"modified":"2025-05-03T10:58:55","modified_gmt":"2025-05-03T10:58:55","slug":"these","status":"publish","type":"page","link":"https:\/\/claireducressonboet.com\/fr\/portfolio\/recherche\/these\/","title":{"rendered":"Th\u00e8se"},"content":{"rendered":"\n<div class=\"wp-block-group is-layout-constrained wp-block-group-is-layout-constrained\">\n<div style=\"height:45px\" aria-hidden=\"true\" class=\"wp-block-spacer\"><\/div>\n\n\n\n<h4 class=\"wp-block-heading\"><strong>L&rsquo;IMAGE MONUMENT<\/strong><br><strong>\u00c9tude de la transposition sculpturale de photographies de guerre aux \u00c9tats-Unis, de 1945 \u00e0 aujourd\u2019hui<\/strong><\/h4>\n\n\n\n<div style=\"height:5px\" aria-hidden=\"true\" class=\"wp-block-spacer\"><\/div>\n\n\n\n<p><strong>R\u00e9sum\u00e9<\/strong><\/p>\n\n\n\n<p>Cette th\u00e8se propose l&rsquo;\u00e9tude d&rsquo;un corpus in\u00e9dit de monuments comm\u00e9moratifs \u00e9tats-uniens bas\u00e9s sur la rem\u00e9diation d&rsquo;une ou plusieurs photographie(s) de guerre. Si les liens entre la sculpture et la photographie ont fait l\u2019objet d&rsquo;une grande attention depuis la naissance de cette derni\u00e8re, ces travaux se sont essentiellement tourn\u00e9s vers les usages de la photographie au profit de la sculpture, la photog\u00e9nie des \u0153uvres sculpt\u00e9es, ou encore leur hybridation dans l\u2019art contemporain \u00e0 partir des ann\u00e9es 1960. Cette recherche propose une nouvelle perspective sur les liens entre ces deux m\u00e9diums par l&rsquo;\u00e9tude d&rsquo;un ph\u00e9nom\u00e8ne dans lequel la photographie pr\u00e9c\u00e8de la sculpture, arguant de l&rsquo;existence d&rsquo;une \u00ab&nbsp;sculpture-g\u00e9nie&nbsp;\u00bb des images photographiques aux \u00c9tats-Unis. Ce travail prend racine \u00e0 la fois dans les \u00e9tudes sur le photojournalisme et la presse illustr\u00e9e et dans celles sur la m\u00e9moire, et s&rsquo;inscrit dans les recherches sur les proc\u00e9dures de valorisation culturelle des photographies d\u2019actualit\u00e9 aux \u00c9tats-Unis. Le but est ici de mieux comprendre comment et pourquoi des photographies destin\u00e9es \u00e0 documenter l&rsquo;actualit\u00e9 et \u00e0 para\u00eetre sur des pages de journaux et de magazines deviennent des supports de comm\u00e9moration. Les monuments que l\u2019on nomme dans cette \u00e9tude des \u00ab&nbsp;monuments documentaires&nbsp;\u00bb reposent sur une tension forte entre, d&rsquo;une part, une pr\u00e9tention didactique prenant appui sur des documents iconographiques et, d&rsquo;autre part, une valorisation symbolique et culturelle des photographies rem\u00e9di\u00e9es. On observe alors un changement de r\u00e9gime des photographies-sources, passant de l\u2019image-document \u00e0 l\u2019image-monument, et dont la th\u00e8se s&rsquo;attache \u00e0 \u00e9tudier les effets sur l&rsquo;\u00e9laboration de la m\u00e9moire des \u00e9v\u00e9nements ainsi comm\u00e9mor\u00e9s. Au terme de cette recherche, il appara\u00eet que la monumentalisation ne constitue pas qu\u2019une forme paroxystique du processus d\u2019iconisation de certaines photographies, men\u00e9 par l&rsquo;industrie des m\u00e9dias elle-m\u00eame, mais s&rsquo;inscrit \u00e9galement au croisement d&rsquo;une culture des images et d&rsquo;une culture de la guerre propres aux \u00c9tats-Unis. Ces monuments apparaissent alors tributaires \u00e0 la fois de pratiques d\u2019autopromotion du corps m\u00e9diatique et de pratiques d\u2019autorepr\u00e9sentation du corps militaire.<\/p>\n\n\n\n<div style=\"height:5px\" aria-hidden=\"true\" class=\"wp-block-spacer\"><\/div>\n\n\n\n<p><strong>Mots-clefs<\/strong><\/p>\n\n\n\n<p>\u00ab&nbsp;monument documentaire&nbsp;\u00bb, rem\u00e9diation, photographie, sculpture, document, monument, photojournalisme, photographie de guerre, comm\u00e9moration, m\u00e9dias, m\u00e9moire, Seconde Guerre mondiale, guerre de Cor\u00e9e, 11-Septembre, guerre d\u2019Irak, Marines<\/p>\n<\/div>\n","protected":false},"excerpt":{"rendered":"<p>L&rsquo;IMAGE MONUMENT\u00c9tude de la transposition sculpturale de photographies de guerre aux \u00c9tats-Unis, de 1945 \u00e0 aujourd\u2019hui R\u00e9sum\u00e9 Cette th\u00e8se propose l&rsquo;\u00e9tude d&rsquo;un corpus in\u00e9dit de monuments comm\u00e9moratifs \u00e9tats-uniens bas\u00e9s sur la rem\u00e9diation d&rsquo;une ou plusieurs photographie(s) de guerre. Si les liens entre la sculpture et la photographie ont fait l\u2019objet d&rsquo;une grande attention depuis la [&hellip;]<\/p>\n","protected":false},"author":1,"featured_media":0,"parent":72,"menu_order":8,"comment_status":"closed","ping_status":"closed","template":"","meta":{"footnotes":""},"class_list":["post-376","page","type-page","status-publish","hentry"],"blocksy_meta":[],"yoast_head":"<!-- This site is optimized with the Yoast SEO plugin v26.9 - https:\/\/yoast.com\/product\/yoast-seo-wordpress\/ -->\n<title>Th\u00e8se - Claire Ducresson-Bo\u00ebt<\/title>\n<meta name=\"robots\" content=\"index, follow, max-snippet:-1, max-image-preview:large, max-video-preview:-1\" \/>\n<link rel=\"canonical\" href=\"https:\/\/claireducressonboet.com\/fr\/portfolio\/recherche\/these\/\" \/>\n<meta property=\"og:locale\" content=\"fr_FR\" \/>\n<meta property=\"og:type\" content=\"article\" \/>\n<meta property=\"og:title\" content=\"Th\u00e8se - Claire Ducresson-Bo\u00ebt\" \/>\n<meta property=\"og:description\" content=\"L&rsquo;IMAGE MONUMENT\u00c9tude de la transposition sculpturale de photographies de guerre aux \u00c9tats-Unis, de 1945 \u00e0 aujourd\u2019hui R\u00e9sum\u00e9 Cette th\u00e8se propose l&rsquo;\u00e9tude d&rsquo;un corpus in\u00e9dit de monuments comm\u00e9moratifs \u00e9tats-uniens bas\u00e9s sur la rem\u00e9diation d&rsquo;une ou plusieurs photographie(s) de guerre. Si les liens entre la sculpture et la photographie ont fait l\u2019objet d&rsquo;une grande attention depuis la [&hellip;]\" \/>\n<meta property=\"og:url\" content=\"https:\/\/claireducressonboet.com\/fr\/portfolio\/recherche\/these\/\" \/>\n<meta property=\"og:site_name\" content=\"Claire Ducresson-Bo\u00ebt\" \/>\n<meta property=\"article:modified_time\" content=\"2025-05-03T10:58:55+00:00\" \/>\n<meta name=\"twitter:card\" content=\"summary_large_image\" \/>\n<meta name=\"twitter:label1\" content=\"Dur\u00e9e de lecture estim\u00e9e\" \/>\n\t<meta name=\"twitter:data1\" content=\"2 minutes\" \/>\n<script type=\"application\/ld+json\" class=\"yoast-schema-graph\">{\"@context\":\"https:\/\/schema.org\",\"@graph\":[{\"@type\":\"WebPage\",\"@id\":\"https:\/\/claireducressonboet.com\/portfolio\/recherche\/these\/\",\"url\":\"https:\/\/claireducressonboet.com\/portfolio\/recherche\/these\/\",\"name\":\"Th\u00e8se - Claire Ducresson-Bo\u00ebt\",\"isPartOf\":{\"@id\":\"https:\/\/claireducressonboet.com\/#website\"},\"datePublished\":\"2024-11-25T19:28:25+00:00\",\"dateModified\":\"2025-05-03T10:58:55+00:00\",\"breadcrumb\":{\"@id\":\"https:\/\/claireducressonboet.com\/portfolio\/recherche\/these\/#breadcrumb\"},\"inLanguage\":\"fr-FR\",\"potentialAction\":[{\"@type\":\"ReadAction\",\"target\":[\"https:\/\/claireducressonboet.com\/portfolio\/recherche\/these\/\"]}]},{\"@type\":\"BreadcrumbList\",\"@id\":\"https:\/\/claireducressonboet.com\/portfolio\/recherche\/these\/#breadcrumb\",\"itemListElement\":[{\"@type\":\"ListItem\",\"position\":1,\"name\":\"Home\",\"item\":\"https:\/\/claireducressonboet.com\/\"},{\"@type\":\"ListItem\",\"position\":2,\"name\":\"portfolio\",\"item\":\"https:\/\/claireducressonboet.com\/portfolio\/\"},{\"@type\":\"ListItem\",\"position\":3,\"name\":\"recherche\",\"item\":\"https:\/\/claireducressonboet.com\/portfolio\/recherche\/\"},{\"@type\":\"ListItem\",\"position\":4,\"name\":\"Th\u00e8se\"}]},{\"@type\":\"WebSite\",\"@id\":\"https:\/\/claireducressonboet.com\/#website\",\"url\":\"https:\/\/claireducressonboet.com\/\",\"name\":\"Claire Ducresson-Bo\u00ebt\",\"description\":\"\",\"potentialAction\":[{\"@type\":\"SearchAction\",\"target\":{\"@type\":\"EntryPoint\",\"urlTemplate\":\"https:\/\/claireducressonboet.com\/?s={search_term_string}\"},\"query-input\":{\"@type\":\"PropertyValueSpecification\",\"valueRequired\":true,\"valueName\":\"search_term_string\"}}],\"inLanguage\":\"fr-FR\"}]}<\/script>\n<!-- \/ Yoast SEO plugin. -->","yoast_head_json":{"title":"Th\u00e8se - Claire Ducresson-Bo\u00ebt","robots":{"index":"index","follow":"follow","max-snippet":"max-snippet:-1","max-image-preview":"max-image-preview:large","max-video-preview":"max-video-preview:-1"},"canonical":"https:\/\/claireducressonboet.com\/fr\/portfolio\/recherche\/these\/","og_locale":"fr_FR","og_type":"article","og_title":"Th\u00e8se - Claire Ducresson-Bo\u00ebt","og_description":"L&rsquo;IMAGE MONUMENT\u00c9tude de la transposition sculpturale de photographies de guerre aux \u00c9tats-Unis, de 1945 \u00e0 aujourd\u2019hui R\u00e9sum\u00e9 Cette th\u00e8se propose l&rsquo;\u00e9tude d&rsquo;un corpus in\u00e9dit de monuments comm\u00e9moratifs \u00e9tats-uniens bas\u00e9s sur la rem\u00e9diation d&rsquo;une ou plusieurs photographie(s) de guerre. Si les liens entre la sculpture et la photographie ont fait l\u2019objet d&rsquo;une grande attention depuis la [&hellip;]","og_url":"https:\/\/claireducressonboet.com\/fr\/portfolio\/recherche\/these\/","og_site_name":"Claire Ducresson-Bo\u00ebt","article_modified_time":"2025-05-03T10:58:55+00:00","twitter_card":"summary_large_image","twitter_misc":{"Dur\u00e9e de lecture estim\u00e9e":"2 minutes"},"schema":{"@context":"https:\/\/schema.org","@graph":[{"@type":"WebPage","@id":"https:\/\/claireducressonboet.com\/portfolio\/recherche\/these\/","url":"https:\/\/claireducressonboet.com\/portfolio\/recherche\/these\/","name":"Th\u00e8se - Claire Ducresson-Bo\u00ebt","isPartOf":{"@id":"https:\/\/claireducressonboet.com\/#website"},"datePublished":"2024-11-25T19:28:25+00:00","dateModified":"2025-05-03T10:58:55+00:00","breadcrumb":{"@id":"https:\/\/claireducressonboet.com\/portfolio\/recherche\/these\/#breadcrumb"},"inLanguage":"fr-FR","potentialAction":[{"@type":"ReadAction","target":["https:\/\/claireducressonboet.com\/portfolio\/recherche\/these\/"]}]},{"@type":"BreadcrumbList","@id":"https:\/\/claireducressonboet.com\/portfolio\/recherche\/these\/#breadcrumb","itemListElement":[{"@type":"ListItem","position":1,"name":"Home","item":"https:\/\/claireducressonboet.com\/"},{"@type":"ListItem","position":2,"name":"portfolio","item":"https:\/\/claireducressonboet.com\/portfolio\/"},{"@type":"ListItem","position":3,"name":"recherche","item":"https:\/\/claireducressonboet.com\/portfolio\/recherche\/"},{"@type":"ListItem","position":4,"name":"Th\u00e8se"}]},{"@type":"WebSite","@id":"https:\/\/claireducressonboet.com\/#website","url":"https:\/\/claireducressonboet.com\/","name":"Claire Ducresson-Bo\u00ebt","description":"","potentialAction":[{"@type":"SearchAction","target":{"@type":"EntryPoint","urlTemplate":"https:\/\/claireducressonboet.com\/?s={search_term_string}"},"query-input":{"@type":"PropertyValueSpecification","valueRequired":true,"valueName":"search_term_string"}}],"inLanguage":"fr-FR"}]}},"_links":{"self":[{"href":"https:\/\/claireducressonboet.com\/fr\/wp-json\/wp\/v2\/pages\/376","targetHints":{"allow":["GET"]}}],"collection":[{"href":"https:\/\/claireducressonboet.com\/fr\/wp-json\/wp\/v2\/pages"}],"about":[{"href":"https:\/\/claireducressonboet.com\/fr\/wp-json\/wp\/v2\/types\/page"}],"author":[{"embeddable":true,"href":"https:\/\/claireducressonboet.com\/fr\/wp-json\/wp\/v2\/users\/1"}],"replies":[{"embeddable":true,"href":"https:\/\/claireducressonboet.com\/fr\/wp-json\/wp\/v2\/comments?post=376"}],"version-history":[{"count":6,"href":"https:\/\/claireducressonboet.com\/fr\/wp-json\/wp\/v2\/pages\/376\/revisions"}],"predecessor-version":[{"id":645,"href":"https:\/\/claireducressonboet.com\/fr\/wp-json\/wp\/v2\/pages\/376\/revisions\/645"}],"up":[{"embeddable":true,"href":"https:\/\/claireducressonboet.com\/fr\/wp-json\/wp\/v2\/pages\/72"}],"wp:attachment":[{"href":"https:\/\/claireducressonboet.com\/fr\/wp-json\/wp\/v2\/media?parent=376"}],"curies":[{"name":"wp","href":"https:\/\/api.w.org\/{rel}","templated":true}]}}