{"id":5,"date":"2024-11-12T19:04:38","date_gmt":"2024-11-12T19:04:38","guid":{"rendered":"http:\/\/claireducressonboet.wordpress.com\/?page_id=1"},"modified":"2025-10-25T13:24:05","modified_gmt":"2025-10-25T13:24:05","slug":"a-propos","status":"publish","type":"page","link":"https:\/\/claireducressonboet.com\/fr\/a-propos\/","title":{"rendered":"\u00e0 propos"},"content":{"rendered":"\t\t<div data-elementor-type=\"wp-page\" data-elementor-id=\"5\" class=\"elementor elementor-5\">\n\t\t\t\t<div class=\"elementor-element elementor-element-7e9e530 e-flex e-con-boxed e-con e-parent\" data-id=\"7e9e530\" data-element_type=\"container\">\n\t\t\t\t\t<div class=\"e-con-inner\">\n\t\t\t\t<div class=\"elementor-element elementor-element-84ce683 elementor-hidden-tablet elementor-hidden-mobile elementor-widget elementor-widget-spacer\" data-id=\"84ce683\" data-element_type=\"widget\" data-widget_type=\"spacer.default\">\n\t\t\t\t<div class=\"elementor-widget-container\">\n\t\t\t\t\t\t\t<div class=\"elementor-spacer\">\n\t\t\t<div class=\"elementor-spacer-inner\"><\/div>\n\t\t<\/div>\n\t\t\t\t\t\t<\/div>\n\t\t\t\t<\/div>\n\t\t\t\t\t<\/div>\n\t\t\t\t<\/div>\n\t\t<div class=\"elementor-element elementor-element-9286a28 e-flex e-con-boxed e-con e-parent\" data-id=\"9286a28\" data-element_type=\"container\">\n\t\t\t\t\t<div class=\"e-con-inner\">\n\t\t<div class=\"elementor-element elementor-element-120c867 e-con-full e-flex e-con e-child\" data-id=\"120c867\" data-element_type=\"container\">\n\t\t\t\t<div class=\"elementor-element elementor-element-fd6644e elementor-widget elementor-widget-heading\" data-id=\"fd6644e\" data-element_type=\"widget\" data-widget_type=\"heading.default\">\n\t\t\t\t<div class=\"elementor-widget-container\">\n\t\t\t\t\t<h1 class=\"elementor-heading-title elementor-size-default\">\u00e0 propos<\/h1>\t\t\t\t<\/div>\n\t\t\t\t<\/div>\n\t\t\t\t<\/div>\n\t\t<div class=\"elementor-element elementor-element-4107803 e-con-full e-flex e-con e-child\" data-id=\"4107803\" data-element_type=\"container\">\n\t\t\t\t<div class=\"elementor-element elementor-element-f25cc45 elementor-hidden-mobile elementor-widget elementor-widget-spacer\" data-id=\"f25cc45\" data-element_type=\"widget\" data-widget_type=\"spacer.default\">\n\t\t\t\t<div class=\"elementor-widget-container\">\n\t\t\t\t\t\t\t<div class=\"elementor-spacer\">\n\t\t\t<div class=\"elementor-spacer-inner\"><\/div>\n\t\t<\/div>\n\t\t\t\t\t\t<\/div>\n\t\t\t\t<\/div>\n\t\t\t\t<div class=\"elementor-element elementor-element-eac7281 elementor-widget elementor-widget-text-editor\" data-id=\"eac7281\" data-element_type=\"widget\" data-widget_type=\"text-editor.default\">\n\t\t\t\t<div class=\"elementor-widget-container\">\n\t\t\t\t\t\t\t\t\t<p>Bienvenue sur mon portfolio ! Je suis docteure en histoire de l&rsquo;art et en \u00e9tudes anglophones, dipl\u00f4m\u00e9e de l&rsquo;Universit\u00e9 du Qu\u00e9bec \u00e0 Montr\u00e9al et de l&rsquo;Universit\u00e9 Paris-Cit\u00e9. Sp\u00e9cialis\u00e9e en histoire de la photographie, j\u2019ai consacr\u00e9 ma th\u00e8se aux potentialit\u00e9s comm\u00e9moratives et patrimoniales du photojournalisme de guerre am\u00e9ricain, \u00e0 travers l&rsquo;\u00e9tude de la rem\u00e9diation de photographies de presse dans des monuments aux morts. Passionn\u00e9e par la vie des images, leur persistance, leurs r\u00e9surgences, leurs m\u00e9tamorphoses, je porte un int\u00e9r\u00eat particulier aux pratiques qui explorent la circulation, le r\u00e9emploi, la recontextualisation des images photographiques, notamment dans un rapport critique \u00e0 la notion d\u2019archive, familiale ou collective. Bas\u00e9e \u00e0 Berlin depuis 2021, je suis membre du collectif <a href=\"https:\/\/analoguenow.com\/en\/\" target=\"_blank\" rel=\"noopener\">analogueNOW<\/a>, participant ainsi activement au d\u00e9veloppement des pratiques de photographie argentique et \u00e0 la coh\u00e9sion des acteurs et actrices de la sc\u00e8ne berlinoise. Depuis 2025, je suis coordinnatrice d&rsquo;expositions \u00e0 <a href=\"https:\/\/berlin.fotografiska.com\/de\" target=\"_blank\" rel=\"noopener\">Fotografiska Berlin<\/a>.<\/p>\t\t\t\t\t\t\t\t<\/div>\n\t\t\t\t<\/div>\n\t\t\t\t<\/div>\n\t\t\t\t\t<\/div>\n\t\t\t\t<\/div>\n\t\t<div class=\"elementor-element elementor-element-82a469c e-flex e-con-boxed e-con e-parent\" data-id=\"82a469c\" data-element_type=\"container\">\n\t\t\t\t\t<div class=\"e-con-inner\">\n\t\t\t\t<div class=\"elementor-element elementor-element-15fada0 elementor-widget elementor-widget-spacer\" data-id=\"15fada0\" data-element_type=\"widget\" data-widget_type=\"spacer.default\">\n\t\t\t\t<div class=\"elementor-widget-container\">\n\t\t\t\t\t\t\t<div class=\"elementor-spacer\">\n\t\t\t<div class=\"elementor-spacer-inner\"><\/div>\n\t\t<\/div>\n\t\t\t\t\t\t<\/div>\n\t\t\t\t<\/div>\n\t\t\t\t\t<\/div>\n\t\t\t\t<\/div>\n\t\t\t\t<\/div>\n\t\t","protected":false},"excerpt":{"rendered":"<p>\u00e0 propos Bienvenue sur mon portfolio ! Je suis docteure en histoire de l&rsquo;art et en \u00e9tudes anglophones, dipl\u00f4m\u00e9e de l&rsquo;Universit\u00e9 du Qu\u00e9bec \u00e0 Montr\u00e9al et de l&rsquo;Universit\u00e9 Paris-Cit\u00e9. Sp\u00e9cialis\u00e9e en histoire de la photographie, j\u2019ai consacr\u00e9 ma th\u00e8se aux potentialit\u00e9s comm\u00e9moratives et patrimoniales du photojournalisme de guerre am\u00e9ricain, \u00e0 travers l&rsquo;\u00e9tude de la rem\u00e9diation [&hellip;]<\/p>\n","protected":false},"author":1,"featured_media":0,"parent":0,"menu_order":2,"comment_status":"closed","ping_status":"closed","template":"","meta":{"footnotes":""},"class_list":["post-5","page","type-page","status-publish","hentry"],"blocksy_meta":[],"yoast_head":"<!-- This site is optimized with the Yoast SEO plugin v26.9 - https:\/\/yoast.com\/product\/yoast-seo-wordpress\/ -->\n<title>\u00e0 propos - Claire Ducresson-Bo\u00ebt<\/title>\n<meta name=\"robots\" content=\"index, follow, max-snippet:-1, max-image-preview:large, max-video-preview:-1\" \/>\n<link rel=\"canonical\" href=\"https:\/\/claireducressonboet.com\/fr\/a-propos\/\" \/>\n<meta property=\"og:locale\" content=\"fr_FR\" \/>\n<meta property=\"og:type\" content=\"article\" \/>\n<meta property=\"og:title\" content=\"\u00e0 propos - Claire Ducresson-Bo\u00ebt\" \/>\n<meta property=\"og:description\" content=\"\u00e0 propos Bienvenue sur mon portfolio ! Je suis docteure en histoire de l&rsquo;art et en \u00e9tudes anglophones, dipl\u00f4m\u00e9e de l&rsquo;Universit\u00e9 du Qu\u00e9bec \u00e0 Montr\u00e9al et de l&rsquo;Universit\u00e9 Paris-Cit\u00e9. Sp\u00e9cialis\u00e9e en histoire de la photographie, j\u2019ai consacr\u00e9 ma th\u00e8se aux potentialit\u00e9s comm\u00e9moratives et patrimoniales du photojournalisme de guerre am\u00e9ricain, \u00e0 travers l&rsquo;\u00e9tude de la rem\u00e9diation [&hellip;]\" \/>\n<meta property=\"og:url\" content=\"https:\/\/claireducressonboet.com\/fr\/a-propos\/\" \/>\n<meta property=\"og:site_name\" content=\"Claire Ducresson-Bo\u00ebt\" \/>\n<meta property=\"article:modified_time\" content=\"2025-10-25T13:24:05+00:00\" \/>\n<meta name=\"twitter:card\" content=\"summary_large_image\" \/>\n<meta name=\"twitter:label1\" content=\"Dur\u00e9e de lecture estim\u00e9e\" \/>\n\t<meta name=\"twitter:data1\" content=\"1 minute\" \/>\n<script type=\"application\/ld+json\" class=\"yoast-schema-graph\">{\"@context\":\"https:\/\/schema.org\",\"@graph\":[{\"@type\":\"WebPage\",\"@id\":\"https:\/\/claireducressonboet.com\/a-propos\/\",\"url\":\"https:\/\/claireducressonboet.com\/a-propos\/\",\"name\":\"\u00e0 propos - Claire Ducresson-Bo\u00ebt\",\"isPartOf\":{\"@id\":\"https:\/\/claireducressonboet.com\/#website\"},\"datePublished\":\"2024-11-12T19:04:38+00:00\",\"dateModified\":\"2025-10-25T13:24:05+00:00\",\"breadcrumb\":{\"@id\":\"https:\/\/claireducressonboet.com\/a-propos\/#breadcrumb\"},\"inLanguage\":\"fr-FR\",\"potentialAction\":[{\"@type\":\"ReadAction\",\"target\":[\"https:\/\/claireducressonboet.com\/a-propos\/\"]}]},{\"@type\":\"BreadcrumbList\",\"@id\":\"https:\/\/claireducressonboet.com\/a-propos\/#breadcrumb\",\"itemListElement\":[{\"@type\":\"ListItem\",\"position\":1,\"name\":\"Home\",\"item\":\"https:\/\/claireducressonboet.com\/\"},{\"@type\":\"ListItem\",\"position\":2,\"name\":\"\u00e0 propos\"}]},{\"@type\":\"WebSite\",\"@id\":\"https:\/\/claireducressonboet.com\/#website\",\"url\":\"https:\/\/claireducressonboet.com\/\",\"name\":\"Claire Ducresson-Bo\u00ebt\",\"description\":\"\",\"potentialAction\":[{\"@type\":\"SearchAction\",\"target\":{\"@type\":\"EntryPoint\",\"urlTemplate\":\"https:\/\/claireducressonboet.com\/?s={search_term_string}\"},\"query-input\":{\"@type\":\"PropertyValueSpecification\",\"valueRequired\":true,\"valueName\":\"search_term_string\"}}],\"inLanguage\":\"fr-FR\"}]}<\/script>\n<!-- \/ Yoast SEO plugin. -->","yoast_head_json":{"title":"\u00e0 propos - Claire Ducresson-Bo\u00ebt","robots":{"index":"index","follow":"follow","max-snippet":"max-snippet:-1","max-image-preview":"max-image-preview:large","max-video-preview":"max-video-preview:-1"},"canonical":"https:\/\/claireducressonboet.com\/fr\/a-propos\/","og_locale":"fr_FR","og_type":"article","og_title":"\u00e0 propos - Claire Ducresson-Bo\u00ebt","og_description":"\u00e0 propos Bienvenue sur mon portfolio ! Je suis docteure en histoire de l&rsquo;art et en \u00e9tudes anglophones, dipl\u00f4m\u00e9e de l&rsquo;Universit\u00e9 du Qu\u00e9bec \u00e0 Montr\u00e9al et de l&rsquo;Universit\u00e9 Paris-Cit\u00e9. Sp\u00e9cialis\u00e9e en histoire de la photographie, j\u2019ai consacr\u00e9 ma th\u00e8se aux potentialit\u00e9s comm\u00e9moratives et patrimoniales du photojournalisme de guerre am\u00e9ricain, \u00e0 travers l&rsquo;\u00e9tude de la rem\u00e9diation [&hellip;]","og_url":"https:\/\/claireducressonboet.com\/fr\/a-propos\/","og_site_name":"Claire Ducresson-Bo\u00ebt","article_modified_time":"2025-10-25T13:24:05+00:00","twitter_card":"summary_large_image","twitter_misc":{"Dur\u00e9e de lecture estim\u00e9e":"1 minute"},"schema":{"@context":"https:\/\/schema.org","@graph":[{"@type":"WebPage","@id":"https:\/\/claireducressonboet.com\/a-propos\/","url":"https:\/\/claireducressonboet.com\/a-propos\/","name":"\u00e0 propos - Claire Ducresson-Bo\u00ebt","isPartOf":{"@id":"https:\/\/claireducressonboet.com\/#website"},"datePublished":"2024-11-12T19:04:38+00:00","dateModified":"2025-10-25T13:24:05+00:00","breadcrumb":{"@id":"https:\/\/claireducressonboet.com\/a-propos\/#breadcrumb"},"inLanguage":"fr-FR","potentialAction":[{"@type":"ReadAction","target":["https:\/\/claireducressonboet.com\/a-propos\/"]}]},{"@type":"BreadcrumbList","@id":"https:\/\/claireducressonboet.com\/a-propos\/#breadcrumb","itemListElement":[{"@type":"ListItem","position":1,"name":"Home","item":"https:\/\/claireducressonboet.com\/"},{"@type":"ListItem","position":2,"name":"\u00e0 propos"}]},{"@type":"WebSite","@id":"https:\/\/claireducressonboet.com\/#website","url":"https:\/\/claireducressonboet.com\/","name":"Claire Ducresson-Bo\u00ebt","description":"","potentialAction":[{"@type":"SearchAction","target":{"@type":"EntryPoint","urlTemplate":"https:\/\/claireducressonboet.com\/?s={search_term_string}"},"query-input":{"@type":"PropertyValueSpecification","valueRequired":true,"valueName":"search_term_string"}}],"inLanguage":"fr-FR"}]}},"_links":{"self":[{"href":"https:\/\/claireducressonboet.com\/fr\/wp-json\/wp\/v2\/pages\/5","targetHints":{"allow":["GET"]}}],"collection":[{"href":"https:\/\/claireducressonboet.com\/fr\/wp-json\/wp\/v2\/pages"}],"about":[{"href":"https:\/\/claireducressonboet.com\/fr\/wp-json\/wp\/v2\/types\/page"}],"author":[{"embeddable":true,"href":"https:\/\/claireducressonboet.com\/fr\/wp-json\/wp\/v2\/users\/1"}],"replies":[{"embeddable":true,"href":"https:\/\/claireducressonboet.com\/fr\/wp-json\/wp\/v2\/comments?post=5"}],"version-history":[{"count":61,"href":"https:\/\/claireducressonboet.com\/fr\/wp-json\/wp\/v2\/pages\/5\/revisions"}],"predecessor-version":[{"id":2562,"href":"https:\/\/claireducressonboet.com\/fr\/wp-json\/wp\/v2\/pages\/5\/revisions\/2562"}],"wp:attachment":[{"href":"https:\/\/claireducressonboet.com\/fr\/wp-json\/wp\/v2\/media?parent=5"}],"curies":[{"name":"wp","href":"https:\/\/api.w.org\/{rel}","templated":true}]}}