{"id":72,"date":"2024-11-13T14:15:51","date_gmt":"2024-11-13T13:15:51","guid":{"rendered":"https:\/\/claireducressonboet.com\/?page_id=72"},"modified":"2025-05-03T11:18:35","modified_gmt":"2025-05-03T11:18:35","slug":"recherche","status":"publish","type":"page","link":"https:\/\/claireducressonboet.com\/fr\/portfolio\/recherche\/","title":{"rendered":"recherche"},"content":{"rendered":"\t\t<div data-elementor-type=\"wp-page\" data-elementor-id=\"72\" class=\"elementor elementor-72\">\n\t\t\t\t<div class=\"elementor-element elementor-element-6ef70210 e-flex e-con-boxed e-con e-parent\" data-id=\"6ef70210\" data-element_type=\"container\">\n\t\t\t\t\t<div class=\"e-con-inner\">\n\t\t\t\t<div class=\"elementor-element elementor-element-9bf1979 elementor-hidden-tablet elementor-hidden-mobile elementor-widget elementor-widget-spacer\" data-id=\"9bf1979\" data-element_type=\"widget\" data-widget_type=\"spacer.default\">\n\t\t\t\t<div class=\"elementor-widget-container\">\n\t\t\t\t\t\t\t<div class=\"elementor-spacer\">\n\t\t\t<div class=\"elementor-spacer-inner\"><\/div>\n\t\t<\/div>\n\t\t\t\t\t\t<\/div>\n\t\t\t\t<\/div>\n\t\t\t\t\t<\/div>\n\t\t\t\t<\/div>\n\t\t<div class=\"elementor-element elementor-element-9e322ff e-flex e-con-boxed e-con e-parent\" data-id=\"9e322ff\" data-element_type=\"container\">\n\t\t\t\t\t<div class=\"e-con-inner\">\n\t\t<div class=\"elementor-element elementor-element-5df94d4 e-con-full e-flex e-con e-child\" data-id=\"5df94d4\" data-element_type=\"container\">\n\t\t\t\t<div class=\"elementor-element elementor-element-b538a29 elementor-widget elementor-widget-heading\" data-id=\"b538a29\" data-element_type=\"widget\" data-widget_type=\"heading.default\">\n\t\t\t\t<div class=\"elementor-widget-container\">\n\t\t\t\t\t<h1 class=\"elementor-heading-title elementor-size-default\">recherche<\/h1>\t\t\t\t<\/div>\n\t\t\t\t<\/div>\n\t\t\t\t<\/div>\n\t\t<div class=\"elementor-element elementor-element-8495b6f e-con-full e-flex e-con e-child\" data-id=\"8495b6f\" data-element_type=\"container\">\n\t\t\t\t<div class=\"elementor-element elementor-element-50366dd elementor-hidden-mobile elementor-widget elementor-widget-spacer\" data-id=\"50366dd\" data-element_type=\"widget\" data-widget_type=\"spacer.default\">\n\t\t\t\t<div class=\"elementor-widget-container\">\n\t\t\t\t\t\t\t<div class=\"elementor-spacer\">\n\t\t\t<div class=\"elementor-spacer-inner\"><\/div>\n\t\t<\/div>\n\t\t\t\t\t\t<\/div>\n\t\t\t\t<\/div>\n\t\t\t\t<div class=\"elementor-element elementor-element-8973f8 elementor-widget elementor-widget-text-editor\" data-id=\"8973f8\" data-element_type=\"widget\" data-widget_type=\"text-editor.default\">\n\t\t\t\t<div class=\"elementor-widget-container\">\n\t\t\t\t\t\t\t\t\t<h2 class=\"wp-block-spacer\" style=\"height: 45px;\" aria-hidden=\"true\">Th\u00e8se de doctorat<\/h2>\n<div class=\"wp-block-group\">\n<p><!-- \/wp:heading --><!-- wp:paragraph --><\/p>\n<p><span style=\"text-decoration: underline;\"><a href=\"https:\/\/claireducressonboet.com\/these\/\">R\u00e9sum\u00e9<\/a><\/span><\/p>\n<p><span style=\"text-decoration: underline;\"><!-- \/wp:paragraph --><!-- wp:paragraph --><\/span><\/p>\n<p><span style=\"text-decoration: underline;\"><a href=\"https:\/\/archipel.uqam.ca\/14466\/1\/D3998.pdf\">Consulter en ligne<\/a><\/span><\/p>\n<p><!-- \/wp:paragraph --><\/p>\n<\/div>\n<p><!-- \/wp:group --><!-- wp:spacer {\"height\":\"20px\"} --><\/p>\n<div class=\"wp-block-spacer\" style=\"height: 20px;\" aria-hidden=\"true\">\u00a0<\/div>\n<p><!-- \/wp:spacer --><!-- wp:group {\"layout\":{\"type\":\"constrained\"}} --><\/p>\n<p><!-- wp:heading {\"level\":3,\"style\":{\"elements\":{\"link\":{\"color\":{\"text\":\"var:preset|color|custom-text\"}}}},\"textColor\":\"custom-text\"} --><\/p>\n<h2 class=\"wp-block-heading has-custom-text-color has-text-color has-link-color\">Articles acad\u00e9miques<\/h2>\n<p><!-- \/wp:heading --><!-- wp:spacer {\"height\":\"5px\"} --><\/p>\n<p><!-- \/wp:spacer --><!-- wp:paragraph --><\/p>\n<p class=\"wp-block-group\"><a href=\"https:\/\/intru.hypotheses.org\/10360\" target=\"_blank\" rel=\"noreferrer noopener\">\u00ab<span style=\"text-decoration: underline;\">\u00a0De la photographie de presse \u00e0 la sculpture comm\u00e9morative : r\u00e9inventer le collectif au sein du monument\u00a0\u00bb, Actes du colloque <em>Les Formes visuelles du collectif XIXe-XXIe si\u00e8cles<\/em>, [parution \u00e0 venir]<\/span><\/a><\/p>\n<p class=\"wp-block-group\"><span style=\"text-decoration: underline;\"><!-- \/wp:paragraph --><!-- wp:paragraph --><\/span><span style=\"text-decoration: underline;\"><a href=\"https:\/\/www.transbordeur.ch\/fr\/2022\/monumentaliser-photographies-guerre-coree-reheroiser-commemoration-guerriere\/\" target=\"_blank\" rel=\"noreferrer noopener\">\u00ab\u00a0Le monument, le document et le v\u00e9t\u00e9ran. Monumentaliser les photographies de la guerre de Cor\u00e9e, reh\u00e9ro\u00efser la comm\u00e9moration guerri\u00e8re au tournant du XXI<sup>e<\/sup>\u00a0si\u00e8cle?\u00a0\u00bb,\u00a0<em>Transbordeur.\u00a0Photographie histoire soci\u00e9t\u00e9<\/em>, n<sup>o<\/sup>\u00a06, 2022, pp.\u00a0150-161<\/a><\/span><\/p>\n<p class=\"wp-block-group\"><span style=\"text-decoration: underline;\"><!-- \/wp:paragraph --><!-- wp:paragraph --><\/span><span style=\"text-decoration: underline;\"><a href=\"https:\/\/doi.org\/10.4000\/focales.705\" target=\"_blank\" rel=\"noreferrer noopener\">\u00ab\u00a0Les expositions du\u00a0<em>World Press Photo<\/em>\u00a0: r\u00e9enchanter le photojournalisme\u00a0?\u00a0\u00bb,\u00a0<em>Focales<\/em>, 4,\u00a02020<\/a><\/span><\/p>\n<p class=\"wp-block-group\"><span style=\"text-decoration: underline;\"><!-- \/wp:paragraph --><!-- wp:paragraph --><\/span><span style=\"text-decoration: underline;\"><a href=\"https:\/\/doi.org\/10.4000\/interfaces.650\" target=\"_blank\" rel=\"noreferrer noopener\">\u00ab\u00a0\u00c9v\u00e9nement historique, \u00e9v\u00e9nement m\u00e9diatique\u00a0: exposer l\u2019attentat. \u00c9tude des usages multim\u00e9dias dans le National 9\/11 Memorial Museum\u00a0\u00bb,\u00a0<em>Interfaces<\/em>, 41,\u00a02019, pp. 117-136<\/a><\/span><\/p>\n<p><!-- \/wp:paragraph --><\/p>\n<p><!-- \/wp:group --><!-- wp:spacer {\"height\":\"20px\"} --><\/p>\n<div class=\"wp-block-spacer\" style=\"height: 20px;\" aria-hidden=\"true\">\u00a0<\/div>\n<p><!-- \/wp:spacer --><!-- wp:group {\"layout\":{\"type\":\"constrained\"}} --><\/p>\n<div class=\"wp-block-group\">\n<p><!-- wp:heading {\"level\":3,\"style\":{\"elements\":{\"link\":{\":hover\":{\"color\":{\"text\":\"var:preset|color|custom-highlight-1\"}}}}},\"textColor\":\"custom-text\"} --><\/p>\n<h2 class=\"wp-block-heading has-custom-text-color has-text-color\">Conf\u00e9rences<\/h2>\n<p><!-- \/wp:heading --><!-- wp:spacer {\"height\":\"5px\"} --><\/p>\n<p><!-- \/wp:spacer --><!-- wp:paragraph --><\/p>\n<p><span style=\"text-decoration: underline;\"><a href=\"https:\/\/afea.fr\/annualconference\/congres-2021-la-post-amerique\/programme-1028\/1080\/\" target=\"_blank\" rel=\"noreferrer noopener\">\u00ab\u00a0De la photographie \u00e0 la sculpture : La monumentalisation, une pratique r\u00e9actionnaire \u00e0 l\u2019\u00e8re de la post-photographie ?\u00a0\u00bb, <em>La post-Am\u00e9rique<\/em>, Congr\u00e8s de l\u2019AFEA, mai 2021<\/a><\/span><\/p>\n<p><span style=\"text-decoration: underline;\"><!-- \/wp:paragraph --><!-- wp:paragraph --><\/span><\/p>\n<p><span style=\"text-decoration: underline;\"><a href=\"https:\/\/intru.hypotheses.org\/9536\" target=\"_blank\" rel=\"noreferrer noopener\">\u00ab\u00a0De la photographie \u00e0 la sculpture. R\u00e9inventer le collectif au sein du monument aux morts\u00a0\u00bb, <em>Les Formes visuelles du collectif XIXe-XXIe si\u00e8cles<\/em>, novembre 2019, Universit\u00e9 de Tours<\/a><\/span><\/p>\n<p><span style=\"text-decoration: underline;\"><!-- \/wp:paragraph --><!-- wp:paragraph {\"fontSize\":\"medium\"} --><\/span><\/p>\n<p>\u00ab\u00a0De la photographie de presse au monument comm\u00e9moratif. Introduction \u00e0 l\u2019id\u00e9e de \u201cmonument documentaire\u201d\u00a0\u00bb, <em>Forum doctoral interuniversitaire,<\/em> avril 2018, Concordia University, Montr\u00e9al<!-- \/wp:paragraph --><!-- wp:paragraph {\"fontSize\":\"medium\"} -->\u00ab\u00a0Du kiosque \u00e0 la table basse. Raconter la photographie de presse par le beau livre\u00a0\u00bb, <em>Les Lieux des savoirs photographiques. Le livre, le laboratoire, le territoire,<\/em> juin 2017, Concordia University, Montr\u00e9al<\/p>\n<p><!-- \/wp:paragraph --><!-- wp:paragraph --><\/p>\n<p><span style=\"text-decoration: underline;\"><a href=\"https:\/\/conflicts2017.sciencesconf.org\/data\/pages\/FAMAH_progweb_2.pdf\" target=\"_blank\" rel=\"noreferrer noopener\">\u00ab\u00a0\u201cA battle for hearts and minds\u201d : seeing and remembering the American war in Iraq. A study of the press photograph \u00bb, <em>Les Conflits de m\u00e9moire. Arts, histoire, comm\u00e9moration<\/em>, avril 2017, Universit\u00e9 du Maine, Le Mans<\/a><\/span><\/p>\n<p><span style=\"text-decoration: underline;\"><!-- \/wp:paragraph --><!-- wp:paragraph --><\/span><\/p>\n<p><span style=\"text-decoration: underline;\"><a href=\"https:\/\/sites.grenadine.uqam.ca\/sites\/patrimoine\/fr\/ACHS2016\/people\/950\/Claire%20Ducresson-Bo\u00ebt\" target=\"_blank\" rel=\"noreferrer noopener\">\u00ab\u00a0La monumentalisation de la photographie de presse. De l\u2019image d\u2019actualit\u00e9 au m\u00e9morial de guerre\u00a0\u00bb, <em>What Does Heritage Change?<\/em>, juin 2016, Association of Critical Heritage Studies, UQ\u00c0M, Montr\u00e9al<\/a><\/span><\/p>\n<p><span style=\"text-decoration: underline;\"><!-- \/wp:paragraph --><!-- wp:paragraph --><\/span><\/p>\n<p><span style=\"text-decoration: underline;\"><a href=\"https:\/\/www.musee-aquitaine-bordeaux.fr\/sites\/musee-aquitaine.fr\/files\/programme_colloquev8-lr_1.pdf\" target=\"_blank\" rel=\"noreferrer noopener\">\u00ab\u00a0\u00c9v\u00e9nement historique, \u00e9v\u00e8nement m\u00e9diatique. Exposer le 11 septembre\u00a0\u00bb, <em>Exposition et m\u00e9dias. Enjeux d\u2019une dialectique actuelle<\/em>, mai 2016, Universit\u00e9 Montaigne, Bordeaux<\/a><\/span><\/p>\n<p><!-- \/wp:paragraph --><\/p>\n<\/div>\n<p><!-- \/wp:group --><\/p>\t\t\t\t\t\t\t\t<\/div>\n\t\t\t\t<\/div>\n\t\t\t\t<\/div>\n\t\t\t\t\t<\/div>\n\t\t\t\t<\/div>\n\t\t<div class=\"elementor-element elementor-element-d38ac17 e-flex e-con-boxed e-con e-parent\" data-id=\"d38ac17\" data-element_type=\"container\">\n\t\t\t\t\t<div class=\"e-con-inner\">\n\t\t\t\t<div class=\"elementor-element elementor-element-0c126aa elementor-widget elementor-widget-spacer\" data-id=\"0c126aa\" data-element_type=\"widget\" data-widget_type=\"spacer.default\">\n\t\t\t\t<div class=\"elementor-widget-container\">\n\t\t\t\t\t\t\t<div class=\"elementor-spacer\">\n\t\t\t<div class=\"elementor-spacer-inner\"><\/div>\n\t\t<\/div>\n\t\t\t\t\t\t<\/div>\n\t\t\t\t<\/div>\n\t\t\t\t\t<\/div>\n\t\t\t\t<\/div>\n\t\t\t\t<\/div>\n\t\t","protected":false},"excerpt":{"rendered":"<p>recherche Th\u00e8se de doctorat R\u00e9sum\u00e9 Consulter en ligne \u00a0 Articles acad\u00e9miques \u00ab\u00a0De la photographie de presse \u00e0 la sculpture comm\u00e9morative : r\u00e9inventer le collectif au sein du monument\u00a0\u00bb, Actes du colloque Les Formes visuelles du collectif XIXe-XXIe si\u00e8cles, [parution \u00e0 venir] \u00ab\u00a0Le monument, le document et le v\u00e9t\u00e9ran. Monumentaliser les photographies de la guerre de [&hellip;]<\/p>\n","protected":false},"author":1,"featured_media":0,"parent":1326,"menu_order":7,"comment_status":"closed","ping_status":"closed","template":"","meta":{"footnotes":""},"class_list":["post-72","page","type-page","status-publish","hentry"],"blocksy_meta":[],"yoast_head":"<!-- This site is optimized with the Yoast SEO plugin v26.9 - https:\/\/yoast.com\/product\/yoast-seo-wordpress\/ -->\n<title>recherche - Claire Ducresson-Bo\u00ebt<\/title>\n<meta name=\"robots\" content=\"index, follow, max-snippet:-1, max-image-preview:large, max-video-preview:-1\" \/>\n<link rel=\"canonical\" href=\"https:\/\/claireducressonboet.com\/fr\/portfolio\/recherche\/\" \/>\n<meta property=\"og:locale\" content=\"fr_FR\" \/>\n<meta property=\"og:type\" content=\"article\" \/>\n<meta property=\"og:title\" content=\"recherche - Claire Ducresson-Bo\u00ebt\" \/>\n<meta property=\"og:description\" content=\"recherche Th\u00e8se de doctorat R\u00e9sum\u00e9 Consulter en ligne \u00a0 Articles acad\u00e9miques \u00ab\u00a0De la photographie de presse \u00e0 la sculpture comm\u00e9morative : r\u00e9inventer le collectif au sein du monument\u00a0\u00bb, Actes du colloque Les Formes visuelles du collectif XIXe-XXIe si\u00e8cles, [parution \u00e0 venir] \u00ab\u00a0Le monument, le document et le v\u00e9t\u00e9ran. Monumentaliser les photographies de la guerre de [&hellip;]\" \/>\n<meta property=\"og:url\" content=\"https:\/\/claireducressonboet.com\/fr\/portfolio\/recherche\/\" \/>\n<meta property=\"og:site_name\" content=\"Claire Ducresson-Bo\u00ebt\" \/>\n<meta property=\"article:modified_time\" content=\"2025-05-03T11:18:35+00:00\" \/>\n<meta name=\"twitter:card\" content=\"summary_large_image\" \/>\n<meta name=\"twitter:label1\" content=\"Dur\u00e9e de lecture estim\u00e9e\" \/>\n\t<meta name=\"twitter:data1\" content=\"2 minutes\" \/>\n<script type=\"application\/ld+json\" class=\"yoast-schema-graph\">{\"@context\":\"https:\/\/schema.org\",\"@graph\":[{\"@type\":\"WebPage\",\"@id\":\"https:\/\/claireducressonboet.com\/portfolio\/recherche\/\",\"url\":\"https:\/\/claireducressonboet.com\/portfolio\/recherche\/\",\"name\":\"recherche - Claire Ducresson-Bo\u00ebt\",\"isPartOf\":{\"@id\":\"https:\/\/claireducressonboet.com\/#website\"},\"datePublished\":\"2024-11-13T13:15:51+00:00\",\"dateModified\":\"2025-05-03T11:18:35+00:00\",\"breadcrumb\":{\"@id\":\"https:\/\/claireducressonboet.com\/portfolio\/recherche\/#breadcrumb\"},\"inLanguage\":\"fr-FR\",\"potentialAction\":[{\"@type\":\"ReadAction\",\"target\":[\"https:\/\/claireducressonboet.com\/portfolio\/recherche\/\"]}]},{\"@type\":\"BreadcrumbList\",\"@id\":\"https:\/\/claireducressonboet.com\/portfolio\/recherche\/#breadcrumb\",\"itemListElement\":[{\"@type\":\"ListItem\",\"position\":1,\"name\":\"Home\",\"item\":\"https:\/\/claireducressonboet.com\/\"},{\"@type\":\"ListItem\",\"position\":2,\"name\":\"portfolio\",\"item\":\"https:\/\/claireducressonboet.com\/portfolio\/\"},{\"@type\":\"ListItem\",\"position\":3,\"name\":\"recherche\"}]},{\"@type\":\"WebSite\",\"@id\":\"https:\/\/claireducressonboet.com\/#website\",\"url\":\"https:\/\/claireducressonboet.com\/\",\"name\":\"Claire Ducresson-Bo\u00ebt\",\"description\":\"\",\"potentialAction\":[{\"@type\":\"SearchAction\",\"target\":{\"@type\":\"EntryPoint\",\"urlTemplate\":\"https:\/\/claireducressonboet.com\/?s={search_term_string}\"},\"query-input\":{\"@type\":\"PropertyValueSpecification\",\"valueRequired\":true,\"valueName\":\"search_term_string\"}}],\"inLanguage\":\"fr-FR\"}]}<\/script>\n<!-- \/ Yoast SEO plugin. -->","yoast_head_json":{"title":"recherche - Claire Ducresson-Bo\u00ebt","robots":{"index":"index","follow":"follow","max-snippet":"max-snippet:-1","max-image-preview":"max-image-preview:large","max-video-preview":"max-video-preview:-1"},"canonical":"https:\/\/claireducressonboet.com\/fr\/portfolio\/recherche\/","og_locale":"fr_FR","og_type":"article","og_title":"recherche - Claire Ducresson-Bo\u00ebt","og_description":"recherche Th\u00e8se de doctorat R\u00e9sum\u00e9 Consulter en ligne \u00a0 Articles acad\u00e9miques \u00ab\u00a0De la photographie de presse \u00e0 la sculpture comm\u00e9morative : r\u00e9inventer le collectif au sein du monument\u00a0\u00bb, Actes du colloque Les Formes visuelles du collectif XIXe-XXIe si\u00e8cles, [parution \u00e0 venir] \u00ab\u00a0Le monument, le document et le v\u00e9t\u00e9ran. Monumentaliser les photographies de la guerre de [&hellip;]","og_url":"https:\/\/claireducressonboet.com\/fr\/portfolio\/recherche\/","og_site_name":"Claire Ducresson-Bo\u00ebt","article_modified_time":"2025-05-03T11:18:35+00:00","twitter_card":"summary_large_image","twitter_misc":{"Dur\u00e9e de lecture estim\u00e9e":"2 minutes"},"schema":{"@context":"https:\/\/schema.org","@graph":[{"@type":"WebPage","@id":"https:\/\/claireducressonboet.com\/portfolio\/recherche\/","url":"https:\/\/claireducressonboet.com\/portfolio\/recherche\/","name":"recherche - Claire Ducresson-Bo\u00ebt","isPartOf":{"@id":"https:\/\/claireducressonboet.com\/#website"},"datePublished":"2024-11-13T13:15:51+00:00","dateModified":"2025-05-03T11:18:35+00:00","breadcrumb":{"@id":"https:\/\/claireducressonboet.com\/portfolio\/recherche\/#breadcrumb"},"inLanguage":"fr-FR","potentialAction":[{"@type":"ReadAction","target":["https:\/\/claireducressonboet.com\/portfolio\/recherche\/"]}]},{"@type":"BreadcrumbList","@id":"https:\/\/claireducressonboet.com\/portfolio\/recherche\/#breadcrumb","itemListElement":[{"@type":"ListItem","position":1,"name":"Home","item":"https:\/\/claireducressonboet.com\/"},{"@type":"ListItem","position":2,"name":"portfolio","item":"https:\/\/claireducressonboet.com\/portfolio\/"},{"@type":"ListItem","position":3,"name":"recherche"}]},{"@type":"WebSite","@id":"https:\/\/claireducressonboet.com\/#website","url":"https:\/\/claireducressonboet.com\/","name":"Claire Ducresson-Bo\u00ebt","description":"","potentialAction":[{"@type":"SearchAction","target":{"@type":"EntryPoint","urlTemplate":"https:\/\/claireducressonboet.com\/?s={search_term_string}"},"query-input":{"@type":"PropertyValueSpecification","valueRequired":true,"valueName":"search_term_string"}}],"inLanguage":"fr-FR"}]}},"_links":{"self":[{"href":"https:\/\/claireducressonboet.com\/fr\/wp-json\/wp\/v2\/pages\/72","targetHints":{"allow":["GET"]}}],"collection":[{"href":"https:\/\/claireducressonboet.com\/fr\/wp-json\/wp\/v2\/pages"}],"about":[{"href":"https:\/\/claireducressonboet.com\/fr\/wp-json\/wp\/v2\/types\/page"}],"author":[{"embeddable":true,"href":"https:\/\/claireducressonboet.com\/fr\/wp-json\/wp\/v2\/users\/1"}],"replies":[{"embeddable":true,"href":"https:\/\/claireducressonboet.com\/fr\/wp-json\/wp\/v2\/comments?post=72"}],"version-history":[{"count":62,"href":"https:\/\/claireducressonboet.com\/fr\/wp-json\/wp\/v2\/pages\/72\/revisions"}],"predecessor-version":[{"id":1847,"href":"https:\/\/claireducressonboet.com\/fr\/wp-json\/wp\/v2\/pages\/72\/revisions\/1847"}],"up":[{"embeddable":true,"href":"https:\/\/claireducressonboet.com\/fr\/wp-json\/wp\/v2\/pages\/1326"}],"wp:attachment":[{"href":"https:\/\/claireducressonboet.com\/fr\/wp-json\/wp\/v2\/media?parent=72"}],"curies":[{"name":"wp","href":"https:\/\/api.w.org\/{rel}","templated":true}]}}